{"id":2843,"date":"2026-03-14T11:57:12","date_gmt":"2026-03-14T11:57:12","guid":{"rendered":"https:\/\/www.teamazur.fr\/?page_id=2843"},"modified":"2026-03-28T10:18:30","modified_gmt":"2026-03-28T10:18:30","slug":"team-building-cannes","status":"publish","type":"page","link":"https:\/\/www.teamazur.fr\/index.php\/team-building-cannes\/","title":{"rendered":"Team building Cannes"},"content":{"rendered":"\t\t<div data-elementor-type=\"wp-page\" data-elementor-id=\"2843\" class=\"elementor elementor-2843\">\n\t\t\t\t<div class=\"elementor-element elementor-element-c16bef0 e-flex e-con-boxed e-con e-parent\" data-id=\"c16bef0\" data-element_type=\"container\" data-e-type=\"container\">\n\t\t\t\t\t<div class=\"e-con-inner\">\n\t\t<div class=\"elementor-element elementor-element-f61561a e-con-full e-flex e-con e-child\" data-id=\"f61561a\" data-element_type=\"container\" data-e-type=\"container\">\n\t\t\t\t<div class=\"elementor-element elementor-element-0fc0cca elementor-widget elementor-widget-video\" data-id=\"0fc0cca\" data-element_type=\"widget\" data-e-type=\"widget\" data-settings=\"{&quot;youtube_url&quot;:&quot;https:\\\/\\\/youtu.be\\\/KExUolkGvoM&quot;,&quot;video_type&quot;:&quot;youtube&quot;,&quot;controls&quot;:&quot;yes&quot;}\" data-widget_type=\"video.default\">\n\t\t\t\t\t\t\t<div class=\"elementor-wrapper elementor-open-inline\">\n\t\t\t<div class=\"elementor-video\"><\/div>\t\t<\/div>\n\t\t\t\t\t\t<\/div>\n\t\t\t\t<\/div>\n\t\t<div class=\"elementor-element elementor-element-61e81fd e-con-full e-flex e-con e-child\" data-id=\"61e81fd\" data-element_type=\"container\" data-e-type=\"container\">\n\t\t\t\t<div class=\"elementor-element elementor-element-9665c74 betakit-transform transform-type-translate elementor-widget elementor-widget-heading\" data-id=\"9665c74\" data-element_type=\"widget\" data-e-type=\"widget\" data-widget_type=\"heading.default\">\n\t\t\t\t\t<h2 class=\"elementor-heading-title elementor-size-default\">Team building aux iles de L\u00e9rins et sur la c\u00f4te d'Azur \u00e0 partir de Cannes<\/h2>\t\t\t\t<\/div>\n\t\t\t\t<div class=\"elementor-element elementor-element-581dbdc elementor-widget elementor-widget-text-editor\" data-id=\"581dbdc\" data-element_type=\"widget\" data-e-type=\"widget\" data-widget_type=\"text-editor.default\">\n\t\t\t\t\t\t\t\t\t<p>TEAM AZUR c\u2019est la force de vrais passionn\u00e9s de la mer, capitaine et diffuseur de bonne ambiance.<\/p><p>Vivez votre aventure Koh-lanta et team building \u00e0 partir de Cannes avec vos collaborateurs sur les iles de L\u00e9rins et la c\u00f4te d\u2019Azur<\/p><ul><li>Navette ou bateau priv\u00e9 \u00e0 partir de Cannes<\/li><li>Service skipper<\/li><li>Restauration<\/li><li>Activit\u00e9s team building<\/li><\/ul>\t\t\t\t\t\t\t\t<\/div>\n\t\t\t\t<div class=\"elementor-element elementor-element-b9ea467 elementor-align-center elementor-widget elementor-widget-button\" data-id=\"b9ea467\" data-element_type=\"widget\" data-e-type=\"widget\" data-widget_type=\"button.default\">\n\t\t\t\t\t\t\t\t\t\t<a class=\"elementor-button elementor-button-link elementor-size-sm\" href=\"https:\/\/www.teamazur.fr\/index.php\/devis\/\">\n\t\t\t\t\t\t<span class=\"elementor-button-content-wrapper\">\n\t\t\t\t\t\t\t\t\t<span class=\"elementor-button-text\">Demander un devis<\/span>\n\t\t\t\t\t<\/span>\n\t\t\t\t\t<\/a>\n\t\t\t\t\t\t\t\t<\/div>\n\t\t\t\t<\/div>\n\t\t\t\t\t<\/div>\n\t\t\t\t<\/div>\n\t\t<div class=\"elementor-element elementor-element-c68e48d e-flex e-con-boxed e-con e-parent\" data-id=\"c68e48d\" data-element_type=\"container\" data-e-type=\"container\">\n\t\t\t\t\t<div class=\"e-con-inner\">\n\t\t\t\t<div class=\"elementor-element elementor-element-65115c0 elementor-widget elementor-widget-spacer\" data-id=\"65115c0\" data-element_type=\"widget\" data-e-type=\"widget\" data-widget_type=\"spacer.default\">\n\t\t\t\t\t\t\t<div class=\"elementor-spacer\">\n\t\t\t<div class=\"elementor-spacer-inner\"><\/div>\n\t\t<\/div>\n\t\t\t\t\t\t<\/div>\n\t\t\t\t\t<\/div>\n\t\t\t\t<\/div>\n\t\t<div class=\"elementor-element elementor-element-8633388 e-flex e-con-boxed e-con e-parent\" data-id=\"8633388\" data-element_type=\"container\" data-e-type=\"container\">\n\t\t\t\t\t<div class=\"e-con-inner\">\n\t\t<div class=\"elementor-element elementor-element-16dd53c e-con-full e-flex e-con e-child\" data-id=\"16dd53c\" data-element_type=\"container\" data-e-type=\"container\">\n\t\t\t\t<div class=\"elementor-element elementor-element-8d76010 betakit-transform transform-type-translate elementor-widget elementor-widget-heading\" data-id=\"8d76010\" data-element_type=\"widget\" data-e-type=\"widget\" data-widget_type=\"heading.default\">\n\t\t\t\t\t<h2 class=\"elementor-heading-title elementor-size-default\">Restauration pour votre team building<\/h2>\t\t\t\t<\/div>\n\t\t\t\t<div class=\"elementor-element elementor-element-0843d04 elementor-widget elementor-widget-text-editor\" data-id=\"0843d04\" data-element_type=\"widget\" data-e-type=\"widget\" data-widget_type=\"text-editor.default\">\n\t\t\t\t\t\t\t\t\t<p>A partir de Cannes, impressionnez vos collaborateurs\u00a0 avec notre barbecue party sur l\u2019ile Sainte Margueritte et notre s\u00e9lection de viandes, homards et poissons. Fromage, charcuterie de qualit\u00e9, ap\u00e9ro, vin et dessert, selon les options pour votre team building et \u00e9v\u00e9nementiel.<\/p><ul><li style=\"list-style-type: none;\"><ul><li><a href=\"https:\/\/www.teamazur.fr\/index.php\/service-traiteur\/#brasero\">Brasero party ile Sainte Marguerite \u2192<\/a><\/li><li><a href=\"https:\/\/www.teamazur.fr\/index.php\/service-traiteur\/#repas\">Carte sur une plage ou \u00e0 bord \u2192<\/a><\/li><li><a href=\"https:\/\/www.teamazur.fr\/index.php\/service-traiteur\/#vin\">Cartes des vins et alcools \u2192<\/a><\/li><\/ul><\/li><\/ul>\t\t\t\t\t\t\t\t<\/div>\n\t\t\t\t<div class=\"elementor-element elementor-element-cf5a515 elementor-align-center elementor-widget elementor-widget-button\" data-id=\"cf5a515\" data-element_type=\"widget\" data-e-type=\"widget\" data-widget_type=\"button.default\">\n\t\t\t\t\t\t\t\t\t\t<a class=\"elementor-button elementor-button-link elementor-size-sm\" href=\"https:\/\/www.teamazur.fr\/index.php\/devis\/\">\n\t\t\t\t\t\t<span class=\"elementor-button-content-wrapper\">\n\t\t\t\t\t\t\t\t\t<span class=\"elementor-button-text\">Demander un devis<\/span>\n\t\t\t\t\t<\/span>\n\t\t\t\t\t<\/a>\n\t\t\t\t\t\t\t\t<\/div>\n\t\t\t\t<\/div>\n\t\t<div class=\"elementor-element elementor-element-342bfed e-con-full e-flex e-con e-child\" data-id=\"342bfed\" data-element_type=\"container\" data-e-type=\"container\">\n\t\t\t\t<div class=\"elementor-element elementor-element-be34ba8 elementor-widget elementor-widget-video\" data-id=\"be34ba8\" data-element_type=\"widget\" data-e-type=\"widget\" data-settings=\"{&quot;youtube_url&quot;:&quot;https:\\\/\\\/youtu.be\\\/9F8lIXwSjKg&quot;,&quot;video_type&quot;:&quot;youtube&quot;,&quot;controls&quot;:&quot;yes&quot;}\" data-widget_type=\"video.default\">\n\t\t\t\t\t\t\t<div class=\"elementor-wrapper elementor-open-inline\">\n\t\t\t<div class=\"elementor-video\"><\/div>\t\t<\/div>\n\t\t\t\t\t\t<\/div>\n\t\t\t\t<\/div>\n\t\t\t\t\t<\/div>\n\t\t\t\t<\/div>\n\t\t<div class=\"elementor-element elementor-element-4068a97 e-flex e-con-boxed e-con e-parent\" data-id=\"4068a97\" data-element_type=\"container\" data-e-type=\"container\">\n\t\t\t\t\t<div class=\"e-con-inner\">\n\t\t\t\t<div class=\"elementor-element elementor-element-4666d8a elementor-widget elementor-widget-spacer\" data-id=\"4666d8a\" data-element_type=\"widget\" data-e-type=\"widget\" data-widget_type=\"spacer.default\">\n\t\t\t\t\t\t\t<div class=\"elementor-spacer\">\n\t\t\t<div class=\"elementor-spacer-inner\"><\/div>\n\t\t<\/div>\n\t\t\t\t\t\t<\/div>\n\t\t\t\t\t<\/div>\n\t\t\t\t<\/div>\n\t\t<div class=\"elementor-element elementor-element-f416f91 e-flex e-con-boxed e-con e-parent\" data-id=\"f416f91\" data-element_type=\"container\" data-e-type=\"container\">\n\t\t\t\t\t<div class=\"e-con-inner\">\n\t\t<div class=\"elementor-element elementor-element-26e0e82 e-con-full e-flex e-con e-child\" data-id=\"26e0e82\" data-element_type=\"container\" data-e-type=\"container\">\n\t\t\t\t<div class=\"elementor-element elementor-element-1b13bba elementor-widget elementor-widget-video\" data-id=\"1b13bba\" data-element_type=\"widget\" data-e-type=\"widget\" data-settings=\"{&quot;youtube_url&quot;:&quot;https:\\\/\\\/youtu.be\\\/hc_n49G0er8&quot;,&quot;video_type&quot;:&quot;youtube&quot;,&quot;controls&quot;:&quot;yes&quot;}\" data-widget_type=\"video.default\">\n\t\t\t\t\t\t\t<div class=\"elementor-wrapper elementor-open-inline\">\n\t\t\t<div class=\"elementor-video\"><\/div>\t\t<\/div>\n\t\t\t\t\t\t<\/div>\n\t\t\t\t<\/div>\n\t\t<div class=\"elementor-element elementor-element-6ee27c8 e-con-full e-flex e-con e-child\" data-id=\"6ee27c8\" data-element_type=\"container\" data-e-type=\"container\">\n\t\t\t\t<div class=\"elementor-element elementor-element-f6f3811 betakit-transform transform-type-translate elementor-widget elementor-widget-heading\" data-id=\"f6f3811\" data-element_type=\"widget\" data-e-type=\"widget\" data-widget_type=\"heading.default\">\n\t\t\t\t\t<h2 class=\"elementor-heading-title elementor-size-default\">Nos activites team building aux iles de L\u00e9rins \u00e0 partir de Cannes<\/h2>\t\t\t\t<\/div>\n\t\t\t\t<div class=\"elementor-element elementor-element-af7a084 elementor-widget elementor-widget-text-editor\" data-id=\"af7a084\" data-element_type=\"widget\" data-e-type=\"widget\" data-widget_type=\"text-editor.default\">\n\t\t\t\t\t\t\t\t\t<ul><li><a href=\"https:\/\/www.teamazur.fr\/index.php\/koh-lanta\/\">Koh Lanta L\u00e9rins\u2192<\/a><\/li><li><a href=\"https:\/\/www.teamazur.fr\/index.php\/olympiades\/\">Olympiade nautique \u2192<\/a><\/li><li><a href=\"https:\/\/www.teamazur.fr\/index.php\/construction-et-course-de-radeau\/\">Construction de radeaux \u2192<\/a><\/li><li><a href=\"https:\/\/www.teamazur.fr\/index.php\/sport-nautique-bouee-tractee\/\">Chrono bou\u00e9e \u2192<\/a><\/li><li><a href=\"https:\/\/www.teamazur.fr\/index.php\/excursion-en-mer\/\">Excursion en mer \u2192<\/a><\/li><li><a href=\"https:\/\/www.teamazur.fr\/index.php\/kayak\/\">Kayak \u2192<\/a><\/li><li><a href=\"https:\/\/www.teamazur.fr\/index.php\/chasse-au-tresor-aquatique\/\">Chasse au tr\u00e9sor snorkeling \u2192<\/a><\/li><li><a href=\"https:\/\/www.teamazur.fr\/index.php\/team-building-sportif\/\">Team building sportif \u2192<\/a><\/li><li><a href=\"https:\/\/www.teamazur.fr\/index.php\/orientation-nautique\/\">Orientation nautique \u2192<\/a><\/li><li><a href=\"https:\/\/www.teamazur.fr\/index.php\/service-skipper\/\">Service skipper \u2192<\/a><\/li><li><a href=\"https:\/\/www.teamazur.fr\/index.php\/chill\/\">Chill \u2192<\/a><\/li><\/ul>\t\t\t\t\t\t\t\t<\/div>\n\t\t\t\t<div class=\"elementor-element elementor-element-88055cd elementor-align-center elementor-widget elementor-widget-button\" data-id=\"88055cd\" data-element_type=\"widget\" data-e-type=\"widget\" data-widget_type=\"button.default\">\n\t\t\t\t\t\t\t\t\t\t<a class=\"elementor-button elementor-button-link elementor-size-sm\" href=\"https:\/\/www.teamazur.fr\/index.php\/devis\/\">\n\t\t\t\t\t\t<span class=\"elementor-button-content-wrapper\">\n\t\t\t\t\t\t\t\t\t<span class=\"elementor-button-text\">Demander un devis<\/span>\n\t\t\t\t\t<\/span>\n\t\t\t\t\t<\/a>\n\t\t\t\t\t\t\t\t<\/div>\n\t\t\t\t<\/div>\n\t\t\t\t\t<\/div>\n\t\t\t\t<\/div>\n\t\t<div class=\"elementor-element elementor-element-ebe61d8 e-flex e-con-boxed e-con e-parent\" data-id=\"ebe61d8\" data-element_type=\"container\" data-e-type=\"container\">\n\t\t\t\t\t<div class=\"e-con-inner\">\n\t\t\t\t<div class=\"elementor-element elementor-element-b208292 elementor-widget elementor-widget-spacer\" data-id=\"b208292\" data-element_type=\"widget\" data-e-type=\"widget\" data-widget_type=\"spacer.default\">\n\t\t\t\t\t\t\t<div class=\"elementor-spacer\">\n\t\t\t<div class=\"elementor-spacer-inner\"><\/div>\n\t\t<\/div>\n\t\t\t\t\t\t<\/div>\n\t\t\t\t<div class=\"elementor-element elementor-element-d24f734 betakit-transform transform-type-translate elementor-widget elementor-widget-heading\" data-id=\"d24f734\" data-element_type=\"widget\" data-e-type=\"widget\" data-widget_type=\"heading.default\">\n\t\t\t\t\t<h2 class=\"elementor-heading-title elementor-size-default\">Nos formules team building \u00e0 Cannes<\/h2>\t\t\t\t<\/div>\n\t\t\t\t<div class=\"elementor-element elementor-element-0878a1f elementor-widget-divider--view-line elementor-widget elementor-widget-divider\" data-id=\"0878a1f\" data-element_type=\"widget\" data-e-type=\"widget\" data-widget_type=\"divider.default\">\n\t\t\t\t\t\t\t<div class=\"elementor-divider\">\n\t\t\t<span class=\"elementor-divider-separator\">\n\t\t\t\t\t\t<\/span>\n\t\t<\/div>\n\t\t\t\t\t\t<\/div>\n\t\t\t\t<div class=\"elementor-element elementor-element-c058289 elementor-widget elementor-widget-text-editor\" data-id=\"c058289\" data-element_type=\"widget\" data-e-type=\"widget\" data-widget_type=\"text-editor.default\">\n\t\t\t\t\t\t\t\t\t<p>D\u00e9part de Cannes en navette ou bateau priv\u00e9<\/p>\t\t\t\t\t\t\t\t<\/div>\n\t\t\t\t\t<\/div>\n\t\t\t\t<\/div>\n\t\t<div class=\"elementor-element elementor-element-cac31b9 e-flex e-con-boxed e-con e-parent\" data-id=\"cac31b9\" data-element_type=\"container\" data-e-type=\"container\">\n\t\t\t\t\t<div class=\"e-con-inner\">\n\t\t<div class=\"elementor-element elementor-element-1ce2a96 e-con-full e-flex e-con e-child\" data-id=\"1ce2a96\" data-element_type=\"container\" data-e-type=\"container\">\n\t\t\t\t<div class=\"elementor-element elementor-element-b94c6d8 elementor-view-default elementor-position-block-start elementor-mobile-position-block-start elementor-widget elementor-widget-icon-box\" data-id=\"b94c6d8\" data-element_type=\"widget\" data-e-type=\"widget\" data-widget_type=\"icon-box.default\">\n\t\t\t\t\t\t\t<div class=\"elementor-icon-box-wrapper\">\n\n\t\t\t\t\t\t<div class=\"elementor-icon-box-icon\">\n\t\t\t\t<span  class=\"elementor-icon\">\n\t\t\t\t<i aria-hidden=\"true\" class=\"ionicon betakit-icon ion-android-sunny\"><\/i>\t\t\t\t<\/span>\n\t\t\t<\/div>\n\t\t\t\n\t\t\t\t\t\t<div class=\"elementor-icon-box-content\">\n\n\t\t\t\t\t\t\t\t\t<h3 class=\"elementor-icon-box-title\">\n\t\t\t\t\t\t<span  >\n\t\t\t\t\t\t\tJourn\u00e9e 10H-18H\t\t\t\t\t\t<\/span>\n\t\t\t\t\t<\/h3>\n\t\t\t\t\n\t\t\t\t\t\t\t\t\t<p class=\"elementor-icon-box-description\">\n\t\t\t\t\t\tA partir de 100\u20ac\/P\t\t\t\t\t<\/p>\n\t\t\t\t\n\t\t\t<\/div>\n\t\t\t\n\t\t<\/div>\n\t\t\t\t\t\t<\/div>\n\t\t\t\t<\/div>\n\t\t<div class=\"elementor-element elementor-element-514e8e0 e-con-full e-flex e-con e-child\" data-id=\"514e8e0\" data-element_type=\"container\" data-e-type=\"container\">\n\t\t\t\t<div class=\"elementor-element elementor-element-7377bb1 elementor-view-default elementor-position-block-start elementor-mobile-position-block-start elementor-widget elementor-widget-icon-box\" data-id=\"7377bb1\" data-element_type=\"widget\" data-e-type=\"widget\" data-widget_type=\"icon-box.default\">\n\t\t\t\t\t\t\t<div class=\"elementor-icon-box-wrapper\">\n\n\t\t\t\t\t\t<div class=\"elementor-icon-box-icon\">\n\t\t\t\t<span  class=\"elementor-icon\">\n\t\t\t\t<svg aria-hidden=\"true\" class=\"e-font-icon-svg e-fas-umbrella-beach\" viewBox=\"0 0 640 512\" xmlns=\"http:\/\/www.w3.org\/2000\/svg\"><path d=\"M115.38 136.9l102.11 37.18c35.19-81.54 86.21-144.29 139-173.7-95.88-4.89-188.78 36.96-248.53 111.8-6.69 8.4-2.66 21.05 7.42 24.72zm132.25 48.16l238.48 86.83c35.76-121.38 18.7-231.66-42.63-253.98-7.4-2.7-15.13-4-23.09-4-58.02.01-128.27 69.17-172.76 171.15zM521.48 60.5c6.22 16.3 10.83 34.6 13.2 55.19 5.74 49.89-1.42 108.23-18.95 166.98l102.62 37.36c10.09 3.67 21.31-3.43 21.57-14.17 2.32-95.69-41.91-187.44-118.44-245.36zM560 447.98H321.06L386 269.5l-60.14-21.9-72.9 200.37H16c-8.84 0-16 7.16-16 16.01v32.01C0 504.83 7.16 512 16 512h544c8.84 0 16-7.17 16-16.01v-32.01c0-8.84-7.16-16-16-16z\"><\/path><\/svg>\t\t\t\t<\/span>\n\t\t\t<\/div>\n\t\t\t\n\t\t\t\t\t\t<div class=\"elementor-icon-box-content\">\n\n\t\t\t\t\t\t\t\t\t<h3 class=\"elementor-icon-box-title\">\n\t\t\t\t\t\t<span  >\n\t\t\t\t\t\t\tDemi-journ\u00e9e 14H-18H\t\t\t\t\t\t<\/span>\n\t\t\t\t\t<\/h3>\n\t\t\t\t\n\t\t\t\t\t\t\t\t\t<p class=\"elementor-icon-box-description\">\n\t\t\t\t\t\tA partir de 100\u20ac\/P\t\t\t\t\t<\/p>\n\t\t\t\t\n\t\t\t<\/div>\n\t\t\t\n\t\t<\/div>\n\t\t\t\t\t\t<\/div>\n\t\t\t\t<\/div>\n\t\t<div class=\"elementor-element elementor-element-5592843 e-con-full e-flex e-con e-child\" data-id=\"5592843\" data-element_type=\"container\" data-e-type=\"container\">\n\t\t\t\t<div class=\"elementor-element elementor-element-029e449 elementor-view-default elementor-position-block-start elementor-mobile-position-block-start elementor-widget elementor-widget-icon-box\" data-id=\"029e449\" data-element_type=\"widget\" data-e-type=\"widget\" data-widget_type=\"icon-box.default\">\n\t\t\t\t\t\t\t<div class=\"elementor-icon-box-wrapper\">\n\n\t\t\t\t\t\t<div class=\"elementor-icon-box-icon\">\n\t\t\t\t<span  class=\"elementor-icon\">\n\t\t\t\t<svg aria-hidden=\"true\" class=\"e-font-icon-svg e-fas-moon\" viewBox=\"0 0 512 512\" xmlns=\"http:\/\/www.w3.org\/2000\/svg\"><path d=\"M283.211 512c78.962 0 151.079-35.925 198.857-94.792 7.068-8.708-.639-21.43-11.562-19.35-124.203 23.654-238.262-71.576-238.262-196.954 0-72.222 38.662-138.635 101.498-174.394 9.686-5.512 7.25-20.197-3.756-22.23A258.156 258.156 0 0 0 283.211 0c-141.309 0-256 114.511-256 256 0 141.309 114.511 256 256 256z\"><\/path><\/svg>\t\t\t\t<\/span>\n\t\t\t<\/div>\n\t\t\t\n\t\t\t\t\t\t<div class=\"elementor-icon-box-content\">\n\n\t\t\t\t\t\t\t\t\t<h3 class=\"elementor-icon-box-title\">\n\t\t\t\t\t\t<span  >\n\t\t\t\t\t\t\tSunset 18H-22H\t\t\t\t\t\t<\/span>\n\t\t\t\t\t<\/h3>\n\t\t\t\t\n\t\t\t\t\t\t\t\t\t<p class=\"elementor-icon-box-description\">\n\t\t\t\t\t\tA partir de 150\u20ac\/P\t\t\t\t\t<\/p>\n\t\t\t\t\n\t\t\t<\/div>\n\t\t\t\n\t\t<\/div>\n\t\t\t\t\t\t<\/div>\n\t\t\t\t<\/div>\n\t\t<div class=\"elementor-element elementor-element-995ca54 e-con-full e-flex e-con e-child\" data-id=\"995ca54\" data-element_type=\"container\" data-e-type=\"container\">\n\t\t\t\t<div class=\"elementor-element elementor-element-840dbc5 elementor-widget elementor-widget-text-editor\" data-id=\"840dbc5\" data-element_type=\"widget\" data-e-type=\"widget\" data-widget_type=\"text-editor.default\">\n\t\t\t\t\t\t\t\t\t<ul><li>10H d\u00e9part navette ou bateau priv\u00e9e<\/li><li>11H Course d\u2019orientation<\/li><li>12H Brasero party aux iles de L\u00e9rins ou d\u00e9gustation sur une plage ou \u00e0 bord<\/li><li>14H Team building<\/li><li>18H Retour<\/li><\/ul><p><a href=\"https:\/\/www.teamazur.fr\/index.php\/devis\/\">Demander un devis \u2192<\/a><\/p>\t\t\t\t\t\t\t\t<\/div>\n\t\t\t\t<\/div>\n\t\t<div class=\"elementor-element elementor-element-e400e13 e-con-full e-flex e-con e-child\" data-id=\"e400e13\" data-element_type=\"container\" data-e-type=\"container\">\n\t\t\t\t<div class=\"elementor-element elementor-element-2334cce elementor-widget elementor-widget-text-editor\" data-id=\"2334cce\" data-element_type=\"widget\" data-e-type=\"widget\" data-widget_type=\"text-editor.default\">\n\t\t\t\t\t\t\t\t\t<ul><li>14H Navette ou bateau priv\u00e9<\/li><li>15H Team building<\/li><li>17H D\u00e9gustation<\/li><li>18H Retour<\/li><\/ul><p><a href=\"https:\/\/www.teamazur.fr\/index.php\/devis\/\">Demander un devis \u2192<\/a><\/p>\t\t\t\t\t\t\t\t<\/div>\n\t\t\t\t<\/div>\n\t\t<div class=\"elementor-element elementor-element-c97ceaf e-con-full e-flex e-con e-child\" data-id=\"c97ceaf\" data-element_type=\"container\" data-e-type=\"container\">\n\t\t\t\t<div class=\"elementor-element elementor-element-11367e8 elementor-widget elementor-widget-text-editor\" data-id=\"11367e8\" data-element_type=\"widget\" data-e-type=\"widget\" data-widget_type=\"text-editor.default\">\n\t\t\t\t\t\t\t\t\t<ul><li>18H Bateau priv\u00e9e<\/li><li>19H Team building<\/li><li>20H Brasero party aux iles de L\u00e9rins ou d\u00e9gustation \u00e0 bord<\/li><li>22H Retour<\/li><li>Feux d\u2019artifice* (Sous r\u00e9serve)<\/li><\/ul><p><a href=\"https:\/\/www.teamazur.fr\/index.php\/devis\/\">Demander un devis \u2192<\/a><\/p>\t\t\t\t\t\t\t\t<\/div>\n\t\t\t\t<\/div>\n\t\t\t\t\t<\/div>\n\t\t\t\t<\/div>\n\t\t\t\t<\/div>\n\t\t","protected":false},"excerpt":{"rendered":"<p>https:\/\/youtu.be\/KExUolkGvoM Team building aux iles de L\u00e9rins et sur la c\u00f4te d&#8217;Azur \u00e0 partir de Cannes TEAM AZUR c\u2019est la force de vrais passionn\u00e9s de la mer, capitaine et diffuseur de bonne ambiance. Vivez votre aventure Koh-lanta et team building \u00e0 partir de Cannes avec vos collaborateurs sur les iles de L\u00e9rins et la c\u00f4te&#8230;<\/p>\n","protected":false},"author":1,"featured_media":0,"parent":0,"menu_order":0,"comment_status":"closed","ping_status":"closed","template":"","meta":{"_acf_changed":false,"footnotes":""},"class_list":{"0":"post-2843","1":"page","2":"type-page","3":"status-publish","4":"hentry","5":"nt-post-class","6":"","7":"thumb-none","9":"excerpt-none"},"acf":[],"yoast_head":"<!-- This site is optimized with the Yoast SEO plugin v27.1.1 - https:\/\/yoast.com\/product\/yoast-seo-wordpress\/ -->\n<title>Team building Cannes - Team building et EVG Nice et Cannes<\/title>\n<meta name=\"robots\" content=\"index, follow, max-snippet:-1, max-image-preview:large, max-video-preview:-1\" \/>\n<link rel=\"canonical\" href=\"https:\/\/www.teamazur.fr\/index.php\/team-building-cannes\/\" \/>\n<meta property=\"og:locale\" content=\"fr_FR\" \/>\n<meta property=\"og:type\" content=\"article\" \/>\n<meta property=\"og:title\" content=\"Team building Cannes - Team building et EVG Nice et Cannes\" \/>\n<meta property=\"og:description\" content=\"https:\/\/youtu.be\/KExUolkGvoM Team building aux iles de L\u00e9rins et sur la c\u00f4te d&#8217;Azur \u00e0 partir de Cannes TEAM AZUR c\u2019est la force de vrais passionn\u00e9s de la mer, capitaine et diffuseur de bonne ambiance. Vivez votre aventure Koh-lanta et team building \u00e0 partir de Cannes avec vos collaborateurs sur les iles de L\u00e9rins et la c\u00f4te...\" \/>\n<meta property=\"og:url\" content=\"https:\/\/www.teamazur.fr\/index.php\/team-building-cannes\/\" \/>\n<meta property=\"og:site_name\" content=\"Team building et EVG Nice et Cannes\" \/>\n<meta property=\"article:modified_time\" content=\"2026-03-28T10:18:30+00:00\" \/>\n<meta name=\"twitter:card\" content=\"summary_large_image\" \/>\n<meta name=\"twitter:label1\" content=\"Dur\u00e9e de lecture estim\u00e9e\" \/>\n\t<meta name=\"twitter:data1\" content=\"2 minutes\" \/>\n<script type=\"application\/ld+json\" class=\"yoast-schema-graph\">{\"@context\":\"https:\/\/schema.org\",\"@graph\":[{\"@type\":\"WebPage\",\"@id\":\"https:\/\/www.teamazur.fr\/index.php\/team-building-cannes\/\",\"url\":\"https:\/\/www.teamazur.fr\/index.php\/team-building-cannes\/\",\"name\":\"Team building Cannes - Team building et EVG Nice et Cannes\",\"isPartOf\":{\"@id\":\"https:\/\/www.teamazur.fr\/#website\"},\"datePublished\":\"2026-03-14T11:57:12+00:00\",\"dateModified\":\"2026-03-28T10:18:30+00:00\",\"breadcrumb\":{\"@id\":\"https:\/\/www.teamazur.fr\/index.php\/team-building-cannes\/#breadcrumb\"},\"inLanguage\":\"fr-FR\",\"potentialAction\":[{\"@type\":\"ReadAction\",\"target\":[\"https:\/\/www.teamazur.fr\/index.php\/team-building-cannes\/\"]}]},{\"@type\":\"BreadcrumbList\",\"@id\":\"https:\/\/www.teamazur.fr\/index.php\/team-building-cannes\/#breadcrumb\",\"itemListElement\":[{\"@type\":\"ListItem\",\"position\":1,\"name\":\"Accueil\",\"item\":\"https:\/\/www.teamazur.fr\/\"},{\"@type\":\"ListItem\",\"position\":2,\"name\":\"Team building Cannes\"}]},{\"@type\":\"WebSite\",\"@id\":\"https:\/\/www.teamazur.fr\/#website\",\"url\":\"https:\/\/www.teamazur.fr\/\",\"name\":\"Team building et EVG Nice et Cannes\",\"description\":\"Team building - EVG - EVJF\",\"potentialAction\":[{\"@type\":\"SearchAction\",\"target\":{\"@type\":\"EntryPoint\",\"urlTemplate\":\"https:\/\/www.teamazur.fr\/?s={search_term_string}\"},\"query-input\":{\"@type\":\"PropertyValueSpecification\",\"valueRequired\":true,\"valueName\":\"search_term_string\"}}],\"inLanguage\":\"fr-FR\"}]}<\/script>\n<!-- \/ Yoast SEO plugin. -->","yoast_head_json":{"title":"Team building Cannes - Team building et EVG Nice et Cannes","robots":{"index":"index","follow":"follow","max-snippet":"max-snippet:-1","max-image-preview":"max-image-preview:large","max-video-preview":"max-video-preview:-1"},"canonical":"https:\/\/www.teamazur.fr\/index.php\/team-building-cannes\/","og_locale":"fr_FR","og_type":"article","og_title":"Team building Cannes - Team building et EVG Nice et Cannes","og_description":"https:\/\/youtu.be\/KExUolkGvoM Team building aux iles de L\u00e9rins et sur la c\u00f4te d&#8217;Azur \u00e0 partir de Cannes TEAM AZUR c\u2019est la force de vrais passionn\u00e9s de la mer, capitaine et diffuseur de bonne ambiance. Vivez votre aventure Koh-lanta et team building \u00e0 partir de Cannes avec vos collaborateurs sur les iles de L\u00e9rins et la c\u00f4te...","og_url":"https:\/\/www.teamazur.fr\/index.php\/team-building-cannes\/","og_site_name":"Team building et EVG Nice et Cannes","article_modified_time":"2026-03-28T10:18:30+00:00","twitter_card":"summary_large_image","twitter_misc":{"Dur\u00e9e de lecture estim\u00e9e":"2 minutes"},"schema":{"@context":"https:\/\/schema.org","@graph":[{"@type":"WebPage","@id":"https:\/\/www.teamazur.fr\/index.php\/team-building-cannes\/","url":"https:\/\/www.teamazur.fr\/index.php\/team-building-cannes\/","name":"Team building Cannes - Team building et EVG Nice et Cannes","isPartOf":{"@id":"https:\/\/www.teamazur.fr\/#website"},"datePublished":"2026-03-14T11:57:12+00:00","dateModified":"2026-03-28T10:18:30+00:00","breadcrumb":{"@id":"https:\/\/www.teamazur.fr\/index.php\/team-building-cannes\/#breadcrumb"},"inLanguage":"fr-FR","potentialAction":[{"@type":"ReadAction","target":["https:\/\/www.teamazur.fr\/index.php\/team-building-cannes\/"]}]},{"@type":"BreadcrumbList","@id":"https:\/\/www.teamazur.fr\/index.php\/team-building-cannes\/#breadcrumb","itemListElement":[{"@type":"ListItem","position":1,"name":"Accueil","item":"https:\/\/www.teamazur.fr\/"},{"@type":"ListItem","position":2,"name":"Team building Cannes"}]},{"@type":"WebSite","@id":"https:\/\/www.teamazur.fr\/#website","url":"https:\/\/www.teamazur.fr\/","name":"Team building et EVG Nice et Cannes","description":"Team building - EVG - EVJF","potentialAction":[{"@type":"SearchAction","target":{"@type":"EntryPoint","urlTemplate":"https:\/\/www.teamazur.fr\/?s={search_term_string}"},"query-input":{"@type":"PropertyValueSpecification","valueRequired":true,"valueName":"search_term_string"}}],"inLanguage":"fr-FR"}]}},"_links":{"self":[{"href":"https:\/\/www.teamazur.fr\/index.php\/wp-json\/wp\/v2\/pages\/2843","targetHints":{"allow":["GET"]}}],"collection":[{"href":"https:\/\/www.teamazur.fr\/index.php\/wp-json\/wp\/v2\/pages"}],"about":[{"href":"https:\/\/www.teamazur.fr\/index.php\/wp-json\/wp\/v2\/types\/page"}],"author":[{"embeddable":true,"href":"https:\/\/www.teamazur.fr\/index.php\/wp-json\/wp\/v2\/users\/1"}],"replies":[{"embeddable":true,"href":"https:\/\/www.teamazur.fr\/index.php\/wp-json\/wp\/v2\/comments?post=2843"}],"version-history":[{"count":40,"href":"https:\/\/www.teamazur.fr\/index.php\/wp-json\/wp\/v2\/pages\/2843\/revisions"}],"predecessor-version":[{"id":5530,"href":"https:\/\/www.teamazur.fr\/index.php\/wp-json\/wp\/v2\/pages\/2843\/revisions\/5530"}],"wp:attachment":[{"href":"https:\/\/www.teamazur.fr\/index.php\/wp-json\/wp\/v2\/media?parent=2843"}],"curies":[{"name":"wp","href":"https:\/\/api.w.org\/{rel}","templated":true}]}}