{"id":2865,"date":"2026-03-14T12:02:02","date_gmt":"2026-03-14T12:02:02","guid":{"rendered":"https:\/\/www.teamazur.fr\/?page_id=2865"},"modified":"2026-03-20T15:43:25","modified_gmt":"2026-03-20T15:43:25","slug":"orientation-nautique","status":"publish","type":"page","link":"https:\/\/www.teamazur.fr\/index.php\/orientation-nautique\/","title":{"rendered":"Orientation Nautique"},"content":{"rendered":"\t\t<div data-elementor-type=\"wp-page\" data-elementor-id=\"2865\" class=\"elementor elementor-2865\">\n\t\t\t\t<div class=\"elementor-element elementor-element-6cf477f e-flex e-con-boxed e-con e-parent\" data-id=\"6cf477f\" data-element_type=\"container\" data-e-type=\"container\">\n\t\t\t\t\t<div class=\"e-con-inner\">\n\t\t<div class=\"elementor-element elementor-element-c92b8fa e-con-full e-flex e-con e-child\" data-id=\"c92b8fa\" data-element_type=\"container\" data-e-type=\"container\">\n\t\t\t\t<div class=\"elementor-element elementor-element-193b47b elementor-widget elementor-widget-video\" data-id=\"193b47b\" data-element_type=\"widget\" data-e-type=\"widget\" data-settings=\"{&quot;youtube_url&quot;:&quot;https:\\\/\\\/youtu.be\\\/QQ47TweFheA&quot;,&quot;video_type&quot;:&quot;youtube&quot;,&quot;controls&quot;:&quot;yes&quot;}\" data-widget_type=\"video.default\">\n\t\t\t\t\t\t\t<div class=\"elementor-wrapper elementor-open-inline\">\n\t\t\t<div class=\"elementor-video\"><\/div>\t\t<\/div>\n\t\t\t\t\t\t<\/div>\n\t\t\t\t<\/div>\n\t\t<div class=\"elementor-element elementor-element-4212834 e-con-full e-flex e-con e-child\" data-id=\"4212834\" data-element_type=\"container\" data-e-type=\"container\">\n\t\t\t\t<div class=\"elementor-element elementor-element-cfba208 betakit-transform transform-type-translate elementor-widget elementor-widget-heading\" data-id=\"cfba208\" data-element_type=\"widget\" data-e-type=\"widget\" data-widget_type=\"heading.default\">\n\t\t\t\t\t<h2 class=\"elementor-heading-title elementor-size-default\">Orientation nautique<\/h2>\t\t\t\t<\/div>\n\t\t\t\t<div class=\"elementor-element elementor-element-fb4741e elementor-widget elementor-widget-text-editor\" data-id=\"fb4741e\" data-element_type=\"widget\" data-e-type=\"widget\" data-widget_type=\"text-editor.default\">\n\t\t\t\t\t\t\t\t\t<p>\u00c0 bord du bateau, les participants devront naviguer \u00e0 l\u2019aide d\u2019une carte et d\u2019indices. Cette activit\u00e9 combine challenge sportif, r\u00e9flexion collective et aventure, tout en permettant de d\u00e9couvrir des paysages magnifiques comme ceux de la\u00a0<span class=\"hover:entity-accent entity-underline inline cursor-pointer align-baseline\"><span class=\"whitespace-normal\">C\u00f4te d\u2019Azur<\/span><\/span>.<\/p><ul><li>Carte marine<\/li><li>Boussole<\/li><li>Compas<\/li><\/ul>\t\t\t\t\t\t\t\t<\/div>\n\t\t\t\t<div class=\"elementor-element elementor-element-9f2b218 elementor-icon-list--layout-traditional elementor-list-item-link-full_width elementor-widget elementor-widget-icon-list\" data-id=\"9f2b218\" data-element_type=\"widget\" data-e-type=\"widget\" data-widget_type=\"icon-list.default\">\n\t\t\t\t\t\t\t<ul class=\"elementor-icon-list-items\">\n\t\t\t\t\t\t\t<li class=\"elementor-icon-list-item\">\n\t\t\t\t\t\t\t\t\t\t\t<span class=\"elementor-icon-list-icon\">\n\t\t\t\t\t\t\t<i aria-hidden=\"true\" class=\"ionicon betakit-icon ion-android-boat\"><\/i>\t\t\t\t\t\t<\/span>\n\t\t\t\t\t\t\t\t\t\t<span class=\"elementor-icon-list-text\">A partir de tous les ports de la c\u00f4te d'Azur<\/span>\n\t\t\t\t\t\t\t\t\t<\/li>\n\t\t\t\t\t\t\t\t<li class=\"elementor-icon-list-item\">\n\t\t\t\t\t\t\t\t\t\t\t<span class=\"elementor-icon-list-icon\">\n\t\t\t\t\t\t\t<i aria-hidden=\"true\" class=\"ionicon betakit-icon ion-ios-location\"><\/i>\t\t\t\t\t\t<\/span>\n\t\t\t\t\t\t\t\t\t\t<span class=\"elementor-icon-list-text\">En mer<\/span>\n\t\t\t\t\t\t\t\t\t<\/li>\n\t\t\t\t\t\t\t\t<li class=\"elementor-icon-list-item\">\n\t\t\t\t\t\t\t\t\t\t\t<span class=\"elementor-icon-list-icon\">\n\t\t\t\t\t\t\t<i aria-hidden=\"true\" class=\"ionicon betakit-icon ion-ios-time\"><\/i>\t\t\t\t\t\t<\/span>\n\t\t\t\t\t\t\t\t\t\t<span class=\"elementor-icon-list-text\">Dur\u00e9e: 1H30<\/span>\n\t\t\t\t\t\t\t\t\t<\/li>\n\t\t\t\t\t\t\t\t<li class=\"elementor-icon-list-item\">\n\t\t\t\t\t\t\t\t\t\t\t<span class=\"elementor-icon-list-icon\">\n\t\t\t\t\t\t\t<i aria-hidden=\"true\" class=\"ionicon betakit-icon ion-ios-people\"><\/i>\t\t\t\t\t\t<\/span>\n\t\t\t\t\t\t\t\t\t\t<span class=\"elementor-icon-list-text\">A partir de 8 personnes<\/span>\n\t\t\t\t\t\t\t\t\t<\/li>\n\t\t\t\t\t\t\t\t<li class=\"elementor-icon-list-item\">\n\t\t\t\t\t\t\t\t\t\t\t<span class=\"elementor-icon-list-icon\">\n\t\t\t\t\t\t\t<svg aria-hidden=\"true\" class=\"e-font-icon-svg e-fas-cocktail\" viewBox=\"0 0 576 512\" xmlns=\"http:\/\/www.w3.org\/2000\/svg\"><path d=\"M296 464h-56V338.78l168.74-168.73c15.52-15.52 4.53-42.05-17.42-42.05H24.68c-21.95 0-32.94 26.53-17.42 42.05L176 338.78V464h-56c-22.09 0-40 17.91-40 40 0 4.42 3.58 8 8 8h240c4.42 0 8-3.58 8-8 0-22.09-17.91-40-40-40zM432 0c-62.61 0-115.35 40.2-135.18 96h52.54c16.65-28.55 47.27-48 82.64-48 52.93 0 96 43.06 96 96s-43.07 96-96 96c-14.04 0-27.29-3.2-39.32-8.64l-35.26 35.26C379.23 279.92 404.59 288 432 288c79.53 0 144-64.47 144-144S511.53 0 432 0z\"><\/path><\/svg>\t\t\t\t\t\t<\/span>\n\t\t\t\t\t\t\t\t\t\t<span class=\"elementor-icon-list-text\">Brasero party ou d\u00e9gustation<\/span>\n\t\t\t\t\t\t\t\t\t<\/li>\n\t\t\t\t\t\t<\/ul>\n\t\t\t\t\t\t<\/div>\n\t\t\t\t<div class=\"elementor-element elementor-element-8bf63e9 elementor-widget elementor-widget-button\" data-id=\"8bf63e9\" data-element_type=\"widget\" data-e-type=\"widget\" data-widget_type=\"button.default\">\n\t\t\t\t\t\t\t\t\t\t<a class=\"elementor-button elementor-button-link elementor-size-sm\" href=\"https:\/\/www.teamazur.fr\/index.php\/devis\/\">\n\t\t\t\t\t\t<span class=\"elementor-button-content-wrapper\">\n\t\t\t\t\t\t\t\t\t<span class=\"elementor-button-text\">Demander un devis<\/span>\n\t\t\t\t\t<\/span>\n\t\t\t\t\t<\/a>\n\t\t\t\t\t\t\t\t<\/div>\n\t\t\t\t<\/div>\n\t\t\t\t\t<\/div>\n\t\t\t\t<\/div>\n\t\t\t\t<\/div>\n\t\t","protected":false},"excerpt":{"rendered":"<p>https:\/\/youtu.be\/QQ47TweFheA Orientation nautique \u00c0 bord du bateau, les participants devront naviguer \u00e0 l\u2019aide d\u2019une carte et d\u2019indices. Cette activit\u00e9 combine challenge sportif, r\u00e9flexion collective et aventure, tout en permettant de d\u00e9couvrir des paysages magnifiques comme ceux de la\u00a0C\u00f4te d\u2019Azur. Carte marine Boussole Compas A partir de tous les ports de la c\u00f4te d&#8217;Azur En mer&#8230;<\/p>\n","protected":false},"author":1,"featured_media":0,"parent":0,"menu_order":0,"comment_status":"closed","ping_status":"closed","template":"","meta":{"_acf_changed":false,"footnotes":""},"class_list":{"0":"post-2865","1":"page","2":"type-page","3":"status-publish","4":"hentry","5":"nt-post-class","6":"","7":"thumb-none","9":"excerpt-none"},"acf":[],"yoast_head":"<!-- This site is optimized with the Yoast SEO plugin v27.1.1 - https:\/\/yoast.com\/product\/yoast-seo-wordpress\/ -->\n<title>Orientation Nautique - Team building et EVG Nice et Cannes<\/title>\n<meta name=\"robots\" content=\"index, follow, max-snippet:-1, max-image-preview:large, max-video-preview:-1\" \/>\n<link rel=\"canonical\" href=\"https:\/\/www.teamazur.fr\/index.php\/orientation-nautique\/\" \/>\n<meta property=\"og:locale\" content=\"fr_FR\" \/>\n<meta property=\"og:type\" content=\"article\" \/>\n<meta property=\"og:title\" content=\"Orientation Nautique - Team building et EVG Nice et Cannes\" \/>\n<meta property=\"og:description\" content=\"https:\/\/youtu.be\/QQ47TweFheA Orientation nautique \u00c0 bord du bateau, les participants devront naviguer \u00e0 l\u2019aide d\u2019une carte et d\u2019indices. Cette activit\u00e9 combine challenge sportif, r\u00e9flexion collective et aventure, tout en permettant de d\u00e9couvrir des paysages magnifiques comme ceux de la\u00a0C\u00f4te d\u2019Azur. Carte marine Boussole Compas A partir de tous les ports de la c\u00f4te d&#8217;Azur En mer...\" \/>\n<meta property=\"og:url\" content=\"https:\/\/www.teamazur.fr\/index.php\/orientation-nautique\/\" \/>\n<meta property=\"og:site_name\" content=\"Team building et EVG Nice et Cannes\" \/>\n<meta property=\"article:modified_time\" content=\"2026-03-20T15:43:25+00:00\" \/>\n<meta name=\"twitter:card\" content=\"summary_large_image\" \/>\n<meta name=\"twitter:label1\" content=\"Dur\u00e9e de lecture estim\u00e9e\" \/>\n\t<meta name=\"twitter:data1\" content=\"1 minute\" \/>\n<script type=\"application\/ld+json\" class=\"yoast-schema-graph\">{\"@context\":\"https:\/\/schema.org\",\"@graph\":[{\"@type\":\"WebPage\",\"@id\":\"https:\/\/www.teamazur.fr\/index.php\/orientation-nautique\/\",\"url\":\"https:\/\/www.teamazur.fr\/index.php\/orientation-nautique\/\",\"name\":\"Orientation Nautique - Team building et EVG Nice et Cannes\",\"isPartOf\":{\"@id\":\"https:\/\/www.teamazur.fr\/#website\"},\"datePublished\":\"2026-03-14T12:02:02+00:00\",\"dateModified\":\"2026-03-20T15:43:25+00:00\",\"breadcrumb\":{\"@id\":\"https:\/\/www.teamazur.fr\/index.php\/orientation-nautique\/#breadcrumb\"},\"inLanguage\":\"fr-FR\",\"potentialAction\":[{\"@type\":\"ReadAction\",\"target\":[\"https:\/\/www.teamazur.fr\/index.php\/orientation-nautique\/\"]}]},{\"@type\":\"BreadcrumbList\",\"@id\":\"https:\/\/www.teamazur.fr\/index.php\/orientation-nautique\/#breadcrumb\",\"itemListElement\":[{\"@type\":\"ListItem\",\"position\":1,\"name\":\"Accueil\",\"item\":\"https:\/\/www.teamazur.fr\/\"},{\"@type\":\"ListItem\",\"position\":2,\"name\":\"Orientation Nautique\"}]},{\"@type\":\"WebSite\",\"@id\":\"https:\/\/www.teamazur.fr\/#website\",\"url\":\"https:\/\/www.teamazur.fr\/\",\"name\":\"Team building et EVG Nice et Cannes\",\"description\":\"Team building - EVG - EVJF\",\"potentialAction\":[{\"@type\":\"SearchAction\",\"target\":{\"@type\":\"EntryPoint\",\"urlTemplate\":\"https:\/\/www.teamazur.fr\/?s={search_term_string}\"},\"query-input\":{\"@type\":\"PropertyValueSpecification\",\"valueRequired\":true,\"valueName\":\"search_term_string\"}}],\"inLanguage\":\"fr-FR\"}]}<\/script>\n<!-- \/ Yoast SEO plugin. -->","yoast_head_json":{"title":"Orientation Nautique - Team building et EVG Nice et Cannes","robots":{"index":"index","follow":"follow","max-snippet":"max-snippet:-1","max-image-preview":"max-image-preview:large","max-video-preview":"max-video-preview:-1"},"canonical":"https:\/\/www.teamazur.fr\/index.php\/orientation-nautique\/","og_locale":"fr_FR","og_type":"article","og_title":"Orientation Nautique - Team building et EVG Nice et Cannes","og_description":"https:\/\/youtu.be\/QQ47TweFheA Orientation nautique \u00c0 bord du bateau, les participants devront naviguer \u00e0 l\u2019aide d\u2019une carte et d\u2019indices. Cette activit\u00e9 combine challenge sportif, r\u00e9flexion collective et aventure, tout en permettant de d\u00e9couvrir des paysages magnifiques comme ceux de la\u00a0C\u00f4te d\u2019Azur. Carte marine Boussole Compas A partir de tous les ports de la c\u00f4te d&#8217;Azur En mer...","og_url":"https:\/\/www.teamazur.fr\/index.php\/orientation-nautique\/","og_site_name":"Team building et EVG Nice et Cannes","article_modified_time":"2026-03-20T15:43:25+00:00","twitter_card":"summary_large_image","twitter_misc":{"Dur\u00e9e de lecture estim\u00e9e":"1 minute"},"schema":{"@context":"https:\/\/schema.org","@graph":[{"@type":"WebPage","@id":"https:\/\/www.teamazur.fr\/index.php\/orientation-nautique\/","url":"https:\/\/www.teamazur.fr\/index.php\/orientation-nautique\/","name":"Orientation Nautique - Team building et EVG Nice et Cannes","isPartOf":{"@id":"https:\/\/www.teamazur.fr\/#website"},"datePublished":"2026-03-14T12:02:02+00:00","dateModified":"2026-03-20T15:43:25+00:00","breadcrumb":{"@id":"https:\/\/www.teamazur.fr\/index.php\/orientation-nautique\/#breadcrumb"},"inLanguage":"fr-FR","potentialAction":[{"@type":"ReadAction","target":["https:\/\/www.teamazur.fr\/index.php\/orientation-nautique\/"]}]},{"@type":"BreadcrumbList","@id":"https:\/\/www.teamazur.fr\/index.php\/orientation-nautique\/#breadcrumb","itemListElement":[{"@type":"ListItem","position":1,"name":"Accueil","item":"https:\/\/www.teamazur.fr\/"},{"@type":"ListItem","position":2,"name":"Orientation Nautique"}]},{"@type":"WebSite","@id":"https:\/\/www.teamazur.fr\/#website","url":"https:\/\/www.teamazur.fr\/","name":"Team building et EVG Nice et Cannes","description":"Team building - EVG - EVJF","potentialAction":[{"@type":"SearchAction","target":{"@type":"EntryPoint","urlTemplate":"https:\/\/www.teamazur.fr\/?s={search_term_string}"},"query-input":{"@type":"PropertyValueSpecification","valueRequired":true,"valueName":"search_term_string"}}],"inLanguage":"fr-FR"}]}},"_links":{"self":[{"href":"https:\/\/www.teamazur.fr\/index.php\/wp-json\/wp\/v2\/pages\/2865","targetHints":{"allow":["GET"]}}],"collection":[{"href":"https:\/\/www.teamazur.fr\/index.php\/wp-json\/wp\/v2\/pages"}],"about":[{"href":"https:\/\/www.teamazur.fr\/index.php\/wp-json\/wp\/v2\/types\/page"}],"author":[{"embeddable":true,"href":"https:\/\/www.teamazur.fr\/index.php\/wp-json\/wp\/v2\/users\/1"}],"replies":[{"embeddable":true,"href":"https:\/\/www.teamazur.fr\/index.php\/wp-json\/wp\/v2\/comments?post=2865"}],"version-history":[{"count":10,"href":"https:\/\/www.teamazur.fr\/index.php\/wp-json\/wp\/v2\/pages\/2865\/revisions"}],"predecessor-version":[{"id":4916,"href":"https:\/\/www.teamazur.fr\/index.php\/wp-json\/wp\/v2\/pages\/2865\/revisions\/4916"}],"wp:attachment":[{"href":"https:\/\/www.teamazur.fr\/index.php\/wp-json\/wp\/v2\/media?parent=2865"}],"curies":[{"name":"wp","href":"https:\/\/api.w.org\/{rel}","templated":true}]}}