{"id":2871,"date":"2026-03-14T12:05:59","date_gmt":"2026-03-14T12:05:59","guid":{"rendered":"https:\/\/www.teamazur.fr\/?page_id=2871"},"modified":"2026-03-20T15:40:58","modified_gmt":"2026-03-20T15:40:58","slug":"koh-lanta","status":"publish","type":"page","link":"https:\/\/www.teamazur.fr\/index.php\/koh-lanta\/","title":{"rendered":"Koh Lanta"},"content":{"rendered":"\t\t<div data-elementor-type=\"wp-page\" data-elementor-id=\"2871\" class=\"elementor elementor-2871\">\n\t\t\t\t<div class=\"elementor-element elementor-element-2da673c e-flex e-con-boxed e-con e-parent\" data-id=\"2da673c\" data-element_type=\"container\" data-e-type=\"container\">\n\t\t\t\t\t<div class=\"e-con-inner\">\n\t\t<div class=\"elementor-element elementor-element-b27d759 e-con-full e-flex e-con e-child\" data-id=\"b27d759\" data-element_type=\"container\" data-e-type=\"container\">\n\t\t\t\t<div class=\"elementor-element elementor-element-4e1881c elementor-widget elementor-widget-video\" data-id=\"4e1881c\" data-element_type=\"widget\" data-e-type=\"widget\" data-settings=\"{&quot;youtube_url&quot;:&quot;https:\\\/\\\/youtu.be\\\/KExUolkGvoM&quot;,&quot;video_type&quot;:&quot;youtube&quot;,&quot;controls&quot;:&quot;yes&quot;}\" data-widget_type=\"video.default\">\n\t\t\t\t\t\t\t<div class=\"elementor-wrapper elementor-open-inline\">\n\t\t\t<div class=\"elementor-video\"><\/div>\t\t<\/div>\n\t\t\t\t\t\t<\/div>\n\t\t\t\t<\/div>\n\t\t<div class=\"elementor-element elementor-element-ef8e2ee e-con-full e-flex e-con e-child\" data-id=\"ef8e2ee\" data-element_type=\"container\" data-e-type=\"container\">\n\t\t\t\t<div class=\"elementor-element elementor-element-0c30dfa betakit-transform transform-type-translate elementor-widget elementor-widget-heading\" data-id=\"0c30dfa\" data-element_type=\"widget\" data-e-type=\"widget\" data-widget_type=\"heading.default\">\n\t\t\t\t\t<h2 class=\"elementor-heading-title elementor-size-default\">Koh Lanta aux iles de L\u00e9rins<\/h2>\t\t\t\t<\/div>\n\t\t\t\t<div class=\"elementor-element elementor-element-d178d95 elementor-widget elementor-widget-text-editor\" data-id=\"d178d95\" data-element_type=\"widget\" data-e-type=\"widget\" data-widget_type=\"text-editor.default\">\n\t\t\t\t\t\t\t\t\t<p>Plongez vos collaborateurs dans l\u2019univers mythique de Koh Lanta le temps d\u2019une journ\u00e9e de team building unique et inoubliable aux iles de L\u00e9rins.<\/p><ul><li>D\u00e9gustation<\/li><li>L\u2019aveugle<\/li><li>Les poteaux<\/li><li>\u2026.<\/li><\/ul>\t\t\t\t\t\t\t\t<\/div>\n\t\t\t\t<div class=\"elementor-element elementor-element-e385d2d elementor-icon-list--layout-traditional elementor-list-item-link-full_width elementor-widget elementor-widget-icon-list\" data-id=\"e385d2d\" data-element_type=\"widget\" data-e-type=\"widget\" data-widget_type=\"icon-list.default\">\n\t\t\t\t\t\t\t<ul class=\"elementor-icon-list-items\">\n\t\t\t\t\t\t\t<li class=\"elementor-icon-list-item\">\n\t\t\t\t\t\t\t\t\t\t\t<span class=\"elementor-icon-list-icon\">\n\t\t\t\t\t\t\t<i aria-hidden=\"true\" class=\"ionicon betakit-icon ion-android-boat\"><\/i>\t\t\t\t\t\t<\/span>\n\t\t\t\t\t\t\t\t\t\t<span class=\"elementor-icon-list-text\">AU d\u00e9part de Cannes, NIce, Antibes Golfe-Juan<\/span>\n\t\t\t\t\t\t\t\t\t<\/li>\n\t\t\t\t\t\t\t\t<li class=\"elementor-icon-list-item\">\n\t\t\t\t\t\t\t\t\t\t\t<span class=\"elementor-icon-list-icon\">\n\t\t\t\t\t\t\t<i aria-hidden=\"true\" class=\"ionicon betakit-icon ion-ios-location\"><\/i>\t\t\t\t\t\t<\/span>\n\t\t\t\t\t\t\t\t\t\t<span class=\"elementor-icon-list-text\">Iles de L\u00e9rins<\/span>\n\t\t\t\t\t\t\t\t\t<\/li>\n\t\t\t\t\t\t\t\t<li class=\"elementor-icon-list-item\">\n\t\t\t\t\t\t\t\t\t\t\t<span class=\"elementor-icon-list-icon\">\n\t\t\t\t\t\t\t<i aria-hidden=\"true\" class=\"ionicon betakit-icon ion-ios-time\"><\/i>\t\t\t\t\t\t<\/span>\n\t\t\t\t\t\t\t\t\t\t<span class=\"elementor-icon-list-text\">Dur\u00e9e: 2H<\/span>\n\t\t\t\t\t\t\t\t\t<\/li>\n\t\t\t\t\t\t\t\t<li class=\"elementor-icon-list-item\">\n\t\t\t\t\t\t\t\t\t\t\t<span class=\"elementor-icon-list-icon\">\n\t\t\t\t\t\t\t<i aria-hidden=\"true\" class=\"ionicon betakit-icon ion-ios-people\"><\/i>\t\t\t\t\t\t<\/span>\n\t\t\t\t\t\t\t\t\t\t<span class=\"elementor-icon-list-text\">De 8 \u00e0 100 personnes<\/span>\n\t\t\t\t\t\t\t\t\t<\/li>\n\t\t\t\t\t\t\t\t<li class=\"elementor-icon-list-item\">\n\t\t\t\t\t\t\t\t\t\t\t<span class=\"elementor-icon-list-icon\">\n\t\t\t\t\t\t\t<svg aria-hidden=\"true\" class=\"e-font-icon-svg e-fas-cocktail\" viewBox=\"0 0 576 512\" xmlns=\"http:\/\/www.w3.org\/2000\/svg\"><path d=\"M296 464h-56V338.78l168.74-168.73c15.52-15.52 4.53-42.05-17.42-42.05H24.68c-21.95 0-32.94 26.53-17.42 42.05L176 338.78V464h-56c-22.09 0-40 17.91-40 40 0 4.42 3.58 8 8 8h240c4.42 0 8-3.58 8-8 0-22.09-17.91-40-40-40zM432 0c-62.61 0-115.35 40.2-135.18 96h52.54c16.65-28.55 47.27-48 82.64-48 52.93 0 96 43.06 96 96s-43.07 96-96 96c-14.04 0-27.29-3.2-39.32-8.64l-35.26 35.26C379.23 279.92 404.59 288 432 288c79.53 0 144-64.47 144-144S511.53 0 432 0z\"><\/path><\/svg>\t\t\t\t\t\t<\/span>\n\t\t\t\t\t\t\t\t\t\t<span class=\"elementor-icon-list-text\">Brasero party ou d\u00e9gustation<\/span>\n\t\t\t\t\t\t\t\t\t<\/li>\n\t\t\t\t\t\t<\/ul>\n\t\t\t\t\t\t<\/div>\n\t\t\t\t<div class=\"elementor-element elementor-element-ff15f5c elementor-widget elementor-widget-button\" data-id=\"ff15f5c\" data-element_type=\"widget\" data-e-type=\"widget\" data-widget_type=\"button.default\">\n\t\t\t\t\t\t\t\t\t\t<a class=\"elementor-button elementor-button-link elementor-size-sm\" href=\"https:\/\/www.teamazur.fr\/index.php\/devis\/\">\n\t\t\t\t\t\t<span class=\"elementor-button-content-wrapper\">\n\t\t\t\t\t\t\t\t\t<span class=\"elementor-button-text\">Demander un devis<\/span>\n\t\t\t\t\t<\/span>\n\t\t\t\t\t<\/a>\n\t\t\t\t\t\t\t\t<\/div>\n\t\t\t\t<\/div>\n\t\t\t\t\t<\/div>\n\t\t\t\t<\/div>\n\t\t\t\t<\/div>\n\t\t","protected":false},"excerpt":{"rendered":"<p>https:\/\/youtu.be\/KExUolkGvoM Koh Lanta aux iles de L\u00e9rins Plongez vos collaborateurs dans l\u2019univers mythique de Koh Lanta le temps d\u2019une journ\u00e9e de team building unique et inoubliable aux iles de L\u00e9rins. D\u00e9gustation L\u2019aveugle Les poteaux \u2026. AU d\u00e9part de Cannes, NIce, Antibes Golfe-Juan Iles de L\u00e9rins Dur\u00e9e: 2H De 8 \u00e0 100 personnes Brasero party ou&#8230;<\/p>\n","protected":false},"author":1,"featured_media":0,"parent":0,"menu_order":0,"comment_status":"closed","ping_status":"closed","template":"","meta":{"_acf_changed":false,"footnotes":""},"class_list":{"0":"post-2871","1":"page","2":"type-page","3":"status-publish","4":"hentry","5":"nt-post-class","6":"","7":"thumb-none","9":"excerpt-none"},"acf":[],"yoast_head":"<!-- This site is optimized with the Yoast SEO plugin v27.1.1 - https:\/\/yoast.com\/product\/yoast-seo-wordpress\/ -->\n<title>Koh Lanta - Team building et EVG Nice et Cannes<\/title>\n<meta name=\"robots\" content=\"index, follow, max-snippet:-1, max-image-preview:large, max-video-preview:-1\" \/>\n<link rel=\"canonical\" href=\"https:\/\/www.teamazur.fr\/index.php\/koh-lanta\/\" \/>\n<meta property=\"og:locale\" content=\"fr_FR\" \/>\n<meta property=\"og:type\" content=\"article\" \/>\n<meta property=\"og:title\" content=\"Koh Lanta - Team building et EVG Nice et Cannes\" \/>\n<meta property=\"og:description\" content=\"https:\/\/youtu.be\/KExUolkGvoM Koh Lanta aux iles de L\u00e9rins Plongez vos collaborateurs dans l\u2019univers mythique de Koh Lanta le temps d\u2019une journ\u00e9e de team building unique et inoubliable aux iles de L\u00e9rins. D\u00e9gustation L\u2019aveugle Les poteaux \u2026. AU d\u00e9part de Cannes, NIce, Antibes Golfe-Juan Iles de L\u00e9rins Dur\u00e9e: 2H De 8 \u00e0 100 personnes Brasero party ou...\" \/>\n<meta property=\"og:url\" content=\"https:\/\/www.teamazur.fr\/index.php\/koh-lanta\/\" \/>\n<meta property=\"og:site_name\" content=\"Team building et EVG Nice et Cannes\" \/>\n<meta property=\"article:modified_time\" content=\"2026-03-20T15:40:58+00:00\" \/>\n<meta name=\"twitter:card\" content=\"summary_large_image\" \/>\n<meta name=\"twitter:label1\" content=\"Dur\u00e9e de lecture estim\u00e9e\" \/>\n\t<meta name=\"twitter:data1\" content=\"1 minute\" \/>\n<script type=\"application\/ld+json\" class=\"yoast-schema-graph\">{\"@context\":\"https:\/\/schema.org\",\"@graph\":[{\"@type\":\"WebPage\",\"@id\":\"https:\/\/www.teamazur.fr\/index.php\/koh-lanta\/\",\"url\":\"https:\/\/www.teamazur.fr\/index.php\/koh-lanta\/\",\"name\":\"Koh Lanta - Team building et EVG Nice et Cannes\",\"isPartOf\":{\"@id\":\"https:\/\/www.teamazur.fr\/#website\"},\"datePublished\":\"2026-03-14T12:05:59+00:00\",\"dateModified\":\"2026-03-20T15:40:58+00:00\",\"breadcrumb\":{\"@id\":\"https:\/\/www.teamazur.fr\/index.php\/koh-lanta\/#breadcrumb\"},\"inLanguage\":\"fr-FR\",\"potentialAction\":[{\"@type\":\"ReadAction\",\"target\":[\"https:\/\/www.teamazur.fr\/index.php\/koh-lanta\/\"]}]},{\"@type\":\"BreadcrumbList\",\"@id\":\"https:\/\/www.teamazur.fr\/index.php\/koh-lanta\/#breadcrumb\",\"itemListElement\":[{\"@type\":\"ListItem\",\"position\":1,\"name\":\"Accueil\",\"item\":\"https:\/\/www.teamazur.fr\/\"},{\"@type\":\"ListItem\",\"position\":2,\"name\":\"Koh Lanta\"}]},{\"@type\":\"WebSite\",\"@id\":\"https:\/\/www.teamazur.fr\/#website\",\"url\":\"https:\/\/www.teamazur.fr\/\",\"name\":\"Team building et EVG Nice et Cannes\",\"description\":\"Team building - EVG - EVJF\",\"potentialAction\":[{\"@type\":\"SearchAction\",\"target\":{\"@type\":\"EntryPoint\",\"urlTemplate\":\"https:\/\/www.teamazur.fr\/?s={search_term_string}\"},\"query-input\":{\"@type\":\"PropertyValueSpecification\",\"valueRequired\":true,\"valueName\":\"search_term_string\"}}],\"inLanguage\":\"fr-FR\"}]}<\/script>\n<!-- \/ Yoast SEO plugin. -->","yoast_head_json":{"title":"Koh Lanta - Team building et EVG Nice et Cannes","robots":{"index":"index","follow":"follow","max-snippet":"max-snippet:-1","max-image-preview":"max-image-preview:large","max-video-preview":"max-video-preview:-1"},"canonical":"https:\/\/www.teamazur.fr\/index.php\/koh-lanta\/","og_locale":"fr_FR","og_type":"article","og_title":"Koh Lanta - Team building et EVG Nice et Cannes","og_description":"https:\/\/youtu.be\/KExUolkGvoM Koh Lanta aux iles de L\u00e9rins Plongez vos collaborateurs dans l\u2019univers mythique de Koh Lanta le temps d\u2019une journ\u00e9e de team building unique et inoubliable aux iles de L\u00e9rins. D\u00e9gustation L\u2019aveugle Les poteaux \u2026. AU d\u00e9part de Cannes, NIce, Antibes Golfe-Juan Iles de L\u00e9rins Dur\u00e9e: 2H De 8 \u00e0 100 personnes Brasero party ou...","og_url":"https:\/\/www.teamazur.fr\/index.php\/koh-lanta\/","og_site_name":"Team building et EVG Nice et Cannes","article_modified_time":"2026-03-20T15:40:58+00:00","twitter_card":"summary_large_image","twitter_misc":{"Dur\u00e9e de lecture estim\u00e9e":"1 minute"},"schema":{"@context":"https:\/\/schema.org","@graph":[{"@type":"WebPage","@id":"https:\/\/www.teamazur.fr\/index.php\/koh-lanta\/","url":"https:\/\/www.teamazur.fr\/index.php\/koh-lanta\/","name":"Koh Lanta - Team building et EVG Nice et Cannes","isPartOf":{"@id":"https:\/\/www.teamazur.fr\/#website"},"datePublished":"2026-03-14T12:05:59+00:00","dateModified":"2026-03-20T15:40:58+00:00","breadcrumb":{"@id":"https:\/\/www.teamazur.fr\/index.php\/koh-lanta\/#breadcrumb"},"inLanguage":"fr-FR","potentialAction":[{"@type":"ReadAction","target":["https:\/\/www.teamazur.fr\/index.php\/koh-lanta\/"]}]},{"@type":"BreadcrumbList","@id":"https:\/\/www.teamazur.fr\/index.php\/koh-lanta\/#breadcrumb","itemListElement":[{"@type":"ListItem","position":1,"name":"Accueil","item":"https:\/\/www.teamazur.fr\/"},{"@type":"ListItem","position":2,"name":"Koh Lanta"}]},{"@type":"WebSite","@id":"https:\/\/www.teamazur.fr\/#website","url":"https:\/\/www.teamazur.fr\/","name":"Team building et EVG Nice et Cannes","description":"Team building - EVG - EVJF","potentialAction":[{"@type":"SearchAction","target":{"@type":"EntryPoint","urlTemplate":"https:\/\/www.teamazur.fr\/?s={search_term_string}"},"query-input":{"@type":"PropertyValueSpecification","valueRequired":true,"valueName":"search_term_string"}}],"inLanguage":"fr-FR"}]}},"_links":{"self":[{"href":"https:\/\/www.teamazur.fr\/index.php\/wp-json\/wp\/v2\/pages\/2871","targetHints":{"allow":["GET"]}}],"collection":[{"href":"https:\/\/www.teamazur.fr\/index.php\/wp-json\/wp\/v2\/pages"}],"about":[{"href":"https:\/\/www.teamazur.fr\/index.php\/wp-json\/wp\/v2\/types\/page"}],"author":[{"embeddable":true,"href":"https:\/\/www.teamazur.fr\/index.php\/wp-json\/wp\/v2\/users\/1"}],"replies":[{"embeddable":true,"href":"https:\/\/www.teamazur.fr\/index.php\/wp-json\/wp\/v2\/comments?post=2871"}],"version-history":[{"count":19,"href":"https:\/\/www.teamazur.fr\/index.php\/wp-json\/wp\/v2\/pages\/2871\/revisions"}],"predecessor-version":[{"id":4910,"href":"https:\/\/www.teamazur.fr\/index.php\/wp-json\/wp\/v2\/pages\/2871\/revisions\/4910"}],"wp:attachment":[{"href":"https:\/\/www.teamazur.fr\/index.php\/wp-json\/wp\/v2\/media?parent=2871"}],"curies":[{"name":"wp","href":"https:\/\/api.w.org\/{rel}","templated":true}]}}