{"id":2875,"date":"2026-03-14T12:06:32","date_gmt":"2026-03-14T12:06:32","guid":{"rendered":"https:\/\/www.teamazur.fr\/?page_id=2875"},"modified":"2026-03-20T15:37:39","modified_gmt":"2026-03-20T15:37:39","slug":"construction-et-course-de-radeau","status":"publish","type":"page","link":"https:\/\/www.teamazur.fr\/index.php\/construction-et-course-de-radeau\/","title":{"rendered":"Construction et course de radeaux"},"content":{"rendered":"\t\t<div data-elementor-type=\"wp-page\" data-elementor-id=\"2875\" class=\"elementor elementor-2875\">\n\t\t\t\t<div class=\"elementor-element elementor-element-41d3cff e-flex e-con-boxed e-con e-parent\" data-id=\"41d3cff\" data-element_type=\"container\" data-e-type=\"container\">\n\t\t\t\t\t<div class=\"e-con-inner\">\n\t\t<div class=\"elementor-element elementor-element-48cb2ed e-con-full e-flex e-con e-child\" data-id=\"48cb2ed\" data-element_type=\"container\" data-e-type=\"container\">\n\t\t\t\t<div class=\"elementor-element elementor-element-dd858ba elementor-widget elementor-widget-video\" data-id=\"dd858ba\" data-element_type=\"widget\" data-e-type=\"widget\" data-settings=\"{&quot;youtube_url&quot;:&quot;https:\\\/\\\/youtu.be\\\/v-R87aKJ_ZU&quot;,&quot;video_type&quot;:&quot;youtube&quot;,&quot;controls&quot;:&quot;yes&quot;}\" data-widget_type=\"video.default\">\n\t\t\t\t\t\t\t<div class=\"elementor-wrapper elementor-open-inline\">\n\t\t\t<div class=\"elementor-video\"><\/div>\t\t<\/div>\n\t\t\t\t\t\t<\/div>\n\t\t\t\t<\/div>\n\t\t<div class=\"elementor-element elementor-element-8319d90 e-con-full e-flex e-con e-child\" data-id=\"8319d90\" data-element_type=\"container\" data-e-type=\"container\">\n\t\t\t\t<div class=\"elementor-element elementor-element-018bd1d betakit-transform transform-type-translate elementor-widget elementor-widget-heading\" data-id=\"018bd1d\" data-element_type=\"widget\" data-e-type=\"widget\" data-widget_type=\"heading.default\">\n\t\t\t\t\t<h2 class=\"elementor-heading-title elementor-size-default\">Construction et course de radeaux<\/h2>\t\t\t\t<\/div>\n\t\t\t\t<div class=\"elementor-element elementor-element-223acb1 elementor-widget elementor-widget-text-editor\" data-id=\"223acb1\" data-element_type=\"widget\" data-e-type=\"widget\" data-widget_type=\"text-editor.default\">\n\t\t\t\t\t\t\t\t\t<p>Offrez \u00e0 vos \u00e9quipes une exp\u00e9rience team building\u00a0 unique aux \u00eeles de L\u00e9rins, m\u00ealant cr\u00e9ativit\u00e9, collaboration et d\u00e9fi collectif avec notre activit\u00e9 de construction et course de radeaux.<\/p>\t\t\t\t\t\t\t\t<\/div>\n\t\t\t\t<div class=\"elementor-element elementor-element-dea5c1f elementor-icon-list--layout-traditional elementor-list-item-link-full_width elementor-widget elementor-widget-icon-list\" data-id=\"dea5c1f\" data-element_type=\"widget\" data-e-type=\"widget\" data-widget_type=\"icon-list.default\">\n\t\t\t\t\t\t\t<ul class=\"elementor-icon-list-items\">\n\t\t\t\t\t\t\t<li class=\"elementor-icon-list-item\">\n\t\t\t\t\t\t\t\t\t\t\t<span class=\"elementor-icon-list-icon\">\n\t\t\t\t\t\t\t<i aria-hidden=\"true\" class=\"ionicon betakit-icon ion-android-boat\"><\/i>\t\t\t\t\t\t<\/span>\n\t\t\t\t\t\t\t\t\t\t<span class=\"elementor-icon-list-text\">Au d\u00e9part de Nice, Cannes, Antibes Golfe-Juan<\/span>\n\t\t\t\t\t\t\t\t\t<\/li>\n\t\t\t\t\t\t\t\t<li class=\"elementor-icon-list-item\">\n\t\t\t\t\t\t\t\t\t\t\t<span class=\"elementor-icon-list-icon\">\n\t\t\t\t\t\t\t<i aria-hidden=\"true\" class=\"ionicon betakit-icon ion-ios-location\"><\/i>\t\t\t\t\t\t<\/span>\n\t\t\t\t\t\t\t\t\t\t<span class=\"elementor-icon-list-text\">Ile Sainte Marguerite<\/span>\n\t\t\t\t\t\t\t\t\t<\/li>\n\t\t\t\t\t\t\t\t<li class=\"elementor-icon-list-item\">\n\t\t\t\t\t\t\t\t\t\t\t<span class=\"elementor-icon-list-icon\">\n\t\t\t\t\t\t\t<svg aria-hidden=\"true\" class=\"e-font-icon-svg e-fas-umbrella-beach\" viewBox=\"0 0 640 512\" xmlns=\"http:\/\/www.w3.org\/2000\/svg\"><path d=\"M115.38 136.9l102.11 37.18c35.19-81.54 86.21-144.29 139-173.7-95.88-4.89-188.78 36.96-248.53 111.8-6.69 8.4-2.66 21.05 7.42 24.72zm132.25 48.16l238.48 86.83c35.76-121.38 18.7-231.66-42.63-253.98-7.4-2.7-15.13-4-23.09-4-58.02.01-128.27 69.17-172.76 171.15zM521.48 60.5c6.22 16.3 10.83 34.6 13.2 55.19 5.74 49.89-1.42 108.23-18.95 166.98l102.62 37.36c10.09 3.67 21.31-3.43 21.57-14.17 2.32-95.69-41.91-187.44-118.44-245.36zM560 447.98H321.06L386 269.5l-60.14-21.9-72.9 200.37H16c-8.84 0-16 7.16-16 16.01v32.01C0 504.83 7.16 512 16 512h544c8.84 0 16-7.17 16-16.01v-32.01c0-8.84-7.16-16-16-16z\"><\/path><\/svg>\t\t\t\t\t\t<\/span>\n\t\t\t\t\t\t\t\t\t\t<span class=\"elementor-icon-list-text\">Sur la plage<\/span>\n\t\t\t\t\t\t\t\t\t<\/li>\n\t\t\t\t\t\t\t\t<li class=\"elementor-icon-list-item\">\n\t\t\t\t\t\t\t\t\t\t\t<span class=\"elementor-icon-list-icon\">\n\t\t\t\t\t\t\t<i aria-hidden=\"true\" class=\"ionicon betakit-icon ion-ios-time\"><\/i>\t\t\t\t\t\t<\/span>\n\t\t\t\t\t\t\t\t\t\t<span class=\"elementor-icon-list-text\">Dur\u00e9e: 2H00<\/span>\n\t\t\t\t\t\t\t\t\t<\/li>\n\t\t\t\t\t\t\t\t<li class=\"elementor-icon-list-item\">\n\t\t\t\t\t\t\t\t\t\t\t<span class=\"elementor-icon-list-icon\">\n\t\t\t\t\t\t\t<i aria-hidden=\"true\" class=\"ionicon betakit-icon ion-ios-people\"><\/i>\t\t\t\t\t\t<\/span>\n\t\t\t\t\t\t\t\t\t\t<span class=\"elementor-icon-list-text\">De 8 \u00e0 100 personnes<\/span>\n\t\t\t\t\t\t\t\t\t<\/li>\n\t\t\t\t\t\t\t\t<li class=\"elementor-icon-list-item\">\n\t\t\t\t\t\t\t\t\t\t\t<span class=\"elementor-icon-list-icon\">\n\t\t\t\t\t\t\t<svg aria-hidden=\"true\" class=\"e-font-icon-svg e-fas-cocktail\" viewBox=\"0 0 576 512\" xmlns=\"http:\/\/www.w3.org\/2000\/svg\"><path d=\"M296 464h-56V338.78l168.74-168.73c15.52-15.52 4.53-42.05-17.42-42.05H24.68c-21.95 0-32.94 26.53-17.42 42.05L176 338.78V464h-56c-22.09 0-40 17.91-40 40 0 4.42 3.58 8 8 8h240c4.42 0 8-3.58 8-8 0-22.09-17.91-40-40-40zM432 0c-62.61 0-115.35 40.2-135.18 96h52.54c16.65-28.55 47.27-48 82.64-48 52.93 0 96 43.06 96 96s-43.07 96-96 96c-14.04 0-27.29-3.2-39.32-8.64l-35.26 35.26C379.23 279.92 404.59 288 432 288c79.53 0 144-64.47 144-144S511.53 0 432 0z\"><\/path><\/svg>\t\t\t\t\t\t<\/span>\n\t\t\t\t\t\t\t\t\t\t<span class=\"elementor-icon-list-text\">Brasero party ou d\u00e9gustation<\/span>\n\t\t\t\t\t\t\t\t\t<\/li>\n\t\t\t\t\t\t<\/ul>\n\t\t\t\t\t\t<\/div>\n\t\t\t\t<div class=\"elementor-element elementor-element-1abc5a9 elementor-widget elementor-widget-button\" data-id=\"1abc5a9\" data-element_type=\"widget\" data-e-type=\"widget\" data-widget_type=\"button.default\">\n\t\t\t\t\t\t\t\t\t\t<a class=\"elementor-button elementor-button-link elementor-size-sm\" href=\"https:\/\/www.teamazur.fr\/index.php\/devis\/\">\n\t\t\t\t\t\t<span class=\"elementor-button-content-wrapper\">\n\t\t\t\t\t\t\t\t\t<span class=\"elementor-button-text\">Demander un devis<\/span>\n\t\t\t\t\t<\/span>\n\t\t\t\t\t<\/a>\n\t\t\t\t\t\t\t\t<\/div>\n\t\t\t\t<\/div>\n\t\t\t\t\t<\/div>\n\t\t\t\t<\/div>\n\t\t\t\t<\/div>\n\t\t","protected":false},"excerpt":{"rendered":"<p>https:\/\/youtu.be\/v-R87aKJ_ZU Construction et course de radeaux Offrez \u00e0 vos \u00e9quipes une exp\u00e9rience team building\u00a0 unique aux \u00eeles de L\u00e9rins, m\u00ealant cr\u00e9ativit\u00e9, collaboration et d\u00e9fi collectif avec notre activit\u00e9 de construction et course de radeaux. Au d\u00e9part de Nice, Cannes, Antibes Golfe-Juan Ile Sainte Marguerite Sur la plage Dur\u00e9e: 2H00 De 8 \u00e0 100 personnes Brasero&#8230;<\/p>\n","protected":false},"author":1,"featured_media":0,"parent":0,"menu_order":0,"comment_status":"closed","ping_status":"closed","template":"","meta":{"_acf_changed":false,"footnotes":""},"class_list":{"0":"post-2875","1":"page","2":"type-page","3":"status-publish","4":"hentry","5":"nt-post-class","6":"","7":"thumb-none","9":"excerpt-none"},"acf":[],"yoast_head":"<!-- This site is optimized with the Yoast SEO plugin v27.1.1 - https:\/\/yoast.com\/product\/yoast-seo-wordpress\/ -->\n<title>Construction et course de radeaux - Team building et EVG Nice et Cannes<\/title>\n<meta name=\"robots\" content=\"index, follow, max-snippet:-1, max-image-preview:large, max-video-preview:-1\" \/>\n<link rel=\"canonical\" href=\"https:\/\/www.teamazur.fr\/index.php\/construction-et-course-de-radeau\/\" \/>\n<meta property=\"og:locale\" content=\"fr_FR\" \/>\n<meta property=\"og:type\" content=\"article\" \/>\n<meta property=\"og:title\" content=\"Construction et course de radeaux - Team building et EVG Nice et Cannes\" \/>\n<meta property=\"og:description\" content=\"https:\/\/youtu.be\/v-R87aKJ_ZU Construction et course de radeaux Offrez \u00e0 vos \u00e9quipes une exp\u00e9rience team building\u00a0 unique aux \u00eeles de L\u00e9rins, m\u00ealant cr\u00e9ativit\u00e9, collaboration et d\u00e9fi collectif avec notre activit\u00e9 de construction et course de radeaux. Au d\u00e9part de Nice, Cannes, Antibes Golfe-Juan Ile Sainte Marguerite Sur la plage Dur\u00e9e: 2H00 De 8 \u00e0 100 personnes Brasero...\" \/>\n<meta property=\"og:url\" content=\"https:\/\/www.teamazur.fr\/index.php\/construction-et-course-de-radeau\/\" \/>\n<meta property=\"og:site_name\" content=\"Team building et EVG Nice et Cannes\" \/>\n<meta property=\"article:modified_time\" content=\"2026-03-20T15:37:39+00:00\" \/>\n<meta name=\"twitter:card\" content=\"summary_large_image\" \/>\n<meta name=\"twitter:label1\" content=\"Dur\u00e9e de lecture estim\u00e9e\" \/>\n\t<meta name=\"twitter:data1\" content=\"1 minute\" \/>\n<script type=\"application\/ld+json\" class=\"yoast-schema-graph\">{\"@context\":\"https:\/\/schema.org\",\"@graph\":[{\"@type\":\"WebPage\",\"@id\":\"https:\/\/www.teamazur.fr\/index.php\/construction-et-course-de-radeau\/\",\"url\":\"https:\/\/www.teamazur.fr\/index.php\/construction-et-course-de-radeau\/\",\"name\":\"Construction et course de radeaux - Team building et EVG Nice et Cannes\",\"isPartOf\":{\"@id\":\"https:\/\/www.teamazur.fr\/#website\"},\"datePublished\":\"2026-03-14T12:06:32+00:00\",\"dateModified\":\"2026-03-20T15:37:39+00:00\",\"breadcrumb\":{\"@id\":\"https:\/\/www.teamazur.fr\/index.php\/construction-et-course-de-radeau\/#breadcrumb\"},\"inLanguage\":\"fr-FR\",\"potentialAction\":[{\"@type\":\"ReadAction\",\"target\":[\"https:\/\/www.teamazur.fr\/index.php\/construction-et-course-de-radeau\/\"]}]},{\"@type\":\"BreadcrumbList\",\"@id\":\"https:\/\/www.teamazur.fr\/index.php\/construction-et-course-de-radeau\/#breadcrumb\",\"itemListElement\":[{\"@type\":\"ListItem\",\"position\":1,\"name\":\"Accueil\",\"item\":\"https:\/\/www.teamazur.fr\/\"},{\"@type\":\"ListItem\",\"position\":2,\"name\":\"Construction et course de radeaux\"}]},{\"@type\":\"WebSite\",\"@id\":\"https:\/\/www.teamazur.fr\/#website\",\"url\":\"https:\/\/www.teamazur.fr\/\",\"name\":\"Team building et EVG Nice et Cannes\",\"description\":\"Team building - EVG - EVJF\",\"potentialAction\":[{\"@type\":\"SearchAction\",\"target\":{\"@type\":\"EntryPoint\",\"urlTemplate\":\"https:\/\/www.teamazur.fr\/?s={search_term_string}\"},\"query-input\":{\"@type\":\"PropertyValueSpecification\",\"valueRequired\":true,\"valueName\":\"search_term_string\"}}],\"inLanguage\":\"fr-FR\"}]}<\/script>\n<!-- \/ Yoast SEO plugin. -->","yoast_head_json":{"title":"Construction et course de radeaux - Team building et EVG Nice et Cannes","robots":{"index":"index","follow":"follow","max-snippet":"max-snippet:-1","max-image-preview":"max-image-preview:large","max-video-preview":"max-video-preview:-1"},"canonical":"https:\/\/www.teamazur.fr\/index.php\/construction-et-course-de-radeau\/","og_locale":"fr_FR","og_type":"article","og_title":"Construction et course de radeaux - Team building et EVG Nice et Cannes","og_description":"https:\/\/youtu.be\/v-R87aKJ_ZU Construction et course de radeaux Offrez \u00e0 vos \u00e9quipes une exp\u00e9rience team building\u00a0 unique aux \u00eeles de L\u00e9rins, m\u00ealant cr\u00e9ativit\u00e9, collaboration et d\u00e9fi collectif avec notre activit\u00e9 de construction et course de radeaux. Au d\u00e9part de Nice, Cannes, Antibes Golfe-Juan Ile Sainte Marguerite Sur la plage Dur\u00e9e: 2H00 De 8 \u00e0 100 personnes Brasero...","og_url":"https:\/\/www.teamazur.fr\/index.php\/construction-et-course-de-radeau\/","og_site_name":"Team building et EVG Nice et Cannes","article_modified_time":"2026-03-20T15:37:39+00:00","twitter_card":"summary_large_image","twitter_misc":{"Dur\u00e9e de lecture estim\u00e9e":"1 minute"},"schema":{"@context":"https:\/\/schema.org","@graph":[{"@type":"WebPage","@id":"https:\/\/www.teamazur.fr\/index.php\/construction-et-course-de-radeau\/","url":"https:\/\/www.teamazur.fr\/index.php\/construction-et-course-de-radeau\/","name":"Construction et course de radeaux - Team building et EVG Nice et Cannes","isPartOf":{"@id":"https:\/\/www.teamazur.fr\/#website"},"datePublished":"2026-03-14T12:06:32+00:00","dateModified":"2026-03-20T15:37:39+00:00","breadcrumb":{"@id":"https:\/\/www.teamazur.fr\/index.php\/construction-et-course-de-radeau\/#breadcrumb"},"inLanguage":"fr-FR","potentialAction":[{"@type":"ReadAction","target":["https:\/\/www.teamazur.fr\/index.php\/construction-et-course-de-radeau\/"]}]},{"@type":"BreadcrumbList","@id":"https:\/\/www.teamazur.fr\/index.php\/construction-et-course-de-radeau\/#breadcrumb","itemListElement":[{"@type":"ListItem","position":1,"name":"Accueil","item":"https:\/\/www.teamazur.fr\/"},{"@type":"ListItem","position":2,"name":"Construction et course de radeaux"}]},{"@type":"WebSite","@id":"https:\/\/www.teamazur.fr\/#website","url":"https:\/\/www.teamazur.fr\/","name":"Team building et EVG Nice et Cannes","description":"Team building - EVG - EVJF","potentialAction":[{"@type":"SearchAction","target":{"@type":"EntryPoint","urlTemplate":"https:\/\/www.teamazur.fr\/?s={search_term_string}"},"query-input":{"@type":"PropertyValueSpecification","valueRequired":true,"valueName":"search_term_string"}}],"inLanguage":"fr-FR"}]}},"_links":{"self":[{"href":"https:\/\/www.teamazur.fr\/index.php\/wp-json\/wp\/v2\/pages\/2875","targetHints":{"allow":["GET"]}}],"collection":[{"href":"https:\/\/www.teamazur.fr\/index.php\/wp-json\/wp\/v2\/pages"}],"about":[{"href":"https:\/\/www.teamazur.fr\/index.php\/wp-json\/wp\/v2\/types\/page"}],"author":[{"embeddable":true,"href":"https:\/\/www.teamazur.fr\/index.php\/wp-json\/wp\/v2\/users\/1"}],"replies":[{"embeddable":true,"href":"https:\/\/www.teamazur.fr\/index.php\/wp-json\/wp\/v2\/comments?post=2875"}],"version-history":[{"count":11,"href":"https:\/\/www.teamazur.fr\/index.php\/wp-json\/wp\/v2\/pages\/2875\/revisions"}],"predecessor-version":[{"id":4904,"href":"https:\/\/www.teamazur.fr\/index.php\/wp-json\/wp\/v2\/pages\/2875\/revisions\/4904"}],"wp:attachment":[{"href":"https:\/\/www.teamazur.fr\/index.php\/wp-json\/wp\/v2\/media?parent=2875"}],"curies":[{"name":"wp","href":"https:\/\/api.w.org\/{rel}","templated":true}]}}