{"id":3362,"date":"2026-03-14T22:09:12","date_gmt":"2026-03-14T22:09:12","guid":{"rendered":"https:\/\/www.teamazur.fr\/?page_id=3362"},"modified":"2026-03-20T15:34:16","modified_gmt":"2026-03-20T15:34:16","slug":"chill","status":"publish","type":"page","link":"https:\/\/www.teamazur.fr\/index.php\/chill\/","title":{"rendered":"Chill"},"content":{"rendered":"\t\t<div data-elementor-type=\"wp-page\" data-elementor-id=\"3362\" class=\"elementor elementor-3362\">\n\t\t\t\t<div class=\"elementor-element elementor-element-02ff5dc e-flex e-con-boxed e-con e-parent\" data-id=\"02ff5dc\" data-element_type=\"container\" data-e-type=\"container\">\n\t\t\t\t\t<div class=\"e-con-inner\">\n\t\t<div class=\"elementor-element elementor-element-3f8cf04 e-con-full e-flex e-con e-child\" data-id=\"3f8cf04\" data-element_type=\"container\" data-e-type=\"container\">\n\t\t\t\t<div class=\"elementor-element elementor-element-c3a4701 elementor-widget elementor-widget-video\" data-id=\"c3a4701\" data-element_type=\"widget\" data-e-type=\"widget\" data-settings=\"{&quot;youtube_url&quot;:&quot;https:\\\/\\\/youtu.be\\\/uyfGZTj2D-8&quot;,&quot;video_type&quot;:&quot;youtube&quot;,&quot;controls&quot;:&quot;yes&quot;}\" data-widget_type=\"video.default\">\n\t\t\t\t\t\t\t<div class=\"elementor-wrapper elementor-open-inline\">\n\t\t\t<div class=\"elementor-video\"><\/div>\t\t<\/div>\n\t\t\t\t\t\t<\/div>\n\t\t\t\t<\/div>\n\t\t<div class=\"elementor-element elementor-element-4e54f02 e-con-full e-flex e-con e-child\" data-id=\"4e54f02\" data-element_type=\"container\" data-e-type=\"container\">\n\t\t\t\t<div class=\"elementor-element elementor-element-54aeb83 betakit-transform transform-type-translate elementor-widget elementor-widget-heading\" data-id=\"54aeb83\" data-element_type=\"widget\" data-e-type=\"widget\" data-widget_type=\"heading.default\">\n\t\t\t\t\t<h2 class=\"elementor-heading-title elementor-size-default\">Activit\u00e9s CHILL en bateau ou sur les iles de L\u00e9rins<\/h2>\t\t\t\t<\/div>\n\t\t\t\t<div class=\"elementor-element elementor-element-890b6ec elementor-widget elementor-widget-text-editor\" data-id=\"890b6ec\" data-element_type=\"widget\" data-e-type=\"widget\" data-widget_type=\"text-editor.default\">\n\t\t\t\t\t\t\t\t\t<p>Une pause bien m\u00e9rit\u00e9e avec notre journ\u00e9e chill, un moment plac\u00e9 sous le signe de la d\u00e9tente, du bien-\u00eatre et de la convivialit\u00e9 aux iles de L\u00e9rins et sur la c\u00f4te d&#8217;Azur.<\/p><p>Au programme : Excursion en mer sur la c\u00f4te d&#8217;Azur ou sur l&#8217;ile Sainte Marguerite, brasero party en plein air ou d\u00e9gustation \u00e0 bord, baignade et snorkeling, farniente, jeux de plage: Palet, Molkky, p\u00e9tanque.<\/p>\t\t\t\t\t\t\t\t<\/div>\n\t\t\t\t<div class=\"elementor-element elementor-element-0025a33 elementor-icon-list--layout-traditional elementor-list-item-link-full_width elementor-widget elementor-widget-icon-list\" data-id=\"0025a33\" data-element_type=\"widget\" data-e-type=\"widget\" data-widget_type=\"icon-list.default\">\n\t\t\t\t\t\t\t<ul class=\"elementor-icon-list-items\">\n\t\t\t\t\t\t\t<li class=\"elementor-icon-list-item\">\n\t\t\t\t\t\t\t\t\t\t\t<span class=\"elementor-icon-list-icon\">\n\t\t\t\t\t\t\t<i aria-hidden=\"true\" class=\"ionicon betakit-icon ion-android-boat\"><\/i>\t\t\t\t\t\t<\/span>\n\t\t\t\t\t\t\t\t\t\t<span class=\"elementor-icon-list-text\">Bateau priv\u00e9 ou Navette<\/span>\n\t\t\t\t\t\t\t\t\t<\/li>\n\t\t\t\t\t\t\t\t<li class=\"elementor-icon-list-item\">\n\t\t\t\t\t\t\t\t\t\t\t<span class=\"elementor-icon-list-icon\">\n\t\t\t\t\t\t\t<i aria-hidden=\"true\" class=\"ionicon betakit-icon ion-ios-location\"><\/i>\t\t\t\t\t\t<\/span>\n\t\t\t\t\t\t\t\t\t\t<span class=\"elementor-icon-list-text\">Au d\u00e9part de Cannes, Nice, Antibes Golfe-Juan<\/span>\n\t\t\t\t\t\t\t\t\t<\/li>\n\t\t\t\t\t\t\t\t<li class=\"elementor-icon-list-item\">\n\t\t\t\t\t\t\t\t\t\t\t<span class=\"elementor-icon-list-icon\">\n\t\t\t\t\t\t\t<svg aria-hidden=\"true\" class=\"e-font-icon-svg e-fas-anchor\" viewBox=\"0 0 576 512\" xmlns=\"http:\/\/www.w3.org\/2000\/svg\"><path d=\"M12.971 352h32.394C67.172 454.735 181.944 512 288 512c106.229 0 220.853-57.38 242.635-160h32.394c10.691 0 16.045-12.926 8.485-20.485l-67.029-67.029c-4.686-4.686-12.284-4.686-16.971 0l-67.029 67.029c-7.56 7.56-2.206 20.485 8.485 20.485h35.146c-20.29 54.317-84.963 86.588-144.117 94.015V256h52c6.627 0 12-5.373 12-12v-40c0-6.627-5.373-12-12-12h-52v-5.47c37.281-13.178 63.995-48.725 64-90.518C384.005 43.772 341.605.738 289.37.01 235.723-.739 192 42.525 192 96c0 41.798 26.716 77.35 64 90.53V192h-52c-6.627 0-12 5.373-12 12v40c0 6.627 5.373 12 12 12h52v190.015c-58.936-7.399-123.82-39.679-144.117-94.015h35.146c10.691 0 16.045-12.926 8.485-20.485l-67.029-67.029c-4.686-4.686-12.284-4.686-16.971 0L4.485 331.515C-3.074 339.074 2.28 352 12.971 352zM288 64c17.645 0 32 14.355 32 32s-14.355 32-32 32-32-14.355-32-32 14.355-32 32-32z\"><\/path><\/svg>\t\t\t\t\t\t<\/span>\n\t\t\t\t\t\t\t\t\t\t<span class=\"elementor-icon-list-text\">En mer ou sur l'ile sainte Marguerite<\/span>\n\t\t\t\t\t\t\t\t\t<\/li>\n\t\t\t\t\t\t\t\t<li class=\"elementor-icon-list-item\">\n\t\t\t\t\t\t\t\t\t\t\t<span class=\"elementor-icon-list-icon\">\n\t\t\t\t\t\t\t<i aria-hidden=\"true\" class=\"ionicon betakit-icon ion-ios-time\"><\/i>\t\t\t\t\t\t<\/span>\n\t\t\t\t\t\t\t\t\t\t<span class=\"elementor-icon-list-text\">Journ\u00e9e, demi-journ\u00e9e ou sunset<\/span>\n\t\t\t\t\t\t\t\t\t<\/li>\n\t\t\t\t\t\t\t\t<li class=\"elementor-icon-list-item\">\n\t\t\t\t\t\t\t\t\t\t\t<span class=\"elementor-icon-list-icon\">\n\t\t\t\t\t\t\t<i aria-hidden=\"true\" class=\"ionicon betakit-icon ion-ios-people\"><\/i>\t\t\t\t\t\t<\/span>\n\t\t\t\t\t\t\t\t\t\t<span class=\"elementor-icon-list-text\">de 8 \u00e0 100 personnes<\/span>\n\t\t\t\t\t\t\t\t\t<\/li>\n\t\t\t\t\t\t\t\t<li class=\"elementor-icon-list-item\">\n\t\t\t\t\t\t\t\t\t\t\t<span class=\"elementor-icon-list-icon\">\n\t\t\t\t\t\t\t<svg aria-hidden=\"true\" class=\"e-font-icon-svg e-fas-cocktail\" viewBox=\"0 0 576 512\" xmlns=\"http:\/\/www.w3.org\/2000\/svg\"><path d=\"M296 464h-56V338.78l168.74-168.73c15.52-15.52 4.53-42.05-17.42-42.05H24.68c-21.95 0-32.94 26.53-17.42 42.05L176 338.78V464h-56c-22.09 0-40 17.91-40 40 0 4.42 3.58 8 8 8h240c4.42 0 8-3.58 8-8 0-22.09-17.91-40-40-40zM432 0c-62.61 0-115.35 40.2-135.18 96h52.54c16.65-28.55 47.27-48 82.64-48 52.93 0 96 43.06 96 96s-43.07 96-96 96c-14.04 0-27.29-3.2-39.32-8.64l-35.26 35.26C379.23 279.92 404.59 288 432 288c79.53 0 144-64.47 144-144S511.53 0 432 0z\"><\/path><\/svg>\t\t\t\t\t\t<\/span>\n\t\t\t\t\t\t\t\t\t\t<span class=\"elementor-icon-list-text\">Brasero party ou d\u00e9gustation<\/span>\n\t\t\t\t\t\t\t\t\t<\/li>\n\t\t\t\t\t\t<\/ul>\n\t\t\t\t\t\t<\/div>\n\t\t\t\t<div class=\"elementor-element elementor-element-49b4ffb elementor-widget elementor-widget-button\" data-id=\"49b4ffb\" data-element_type=\"widget\" data-e-type=\"widget\" data-widget_type=\"button.default\">\n\t\t\t\t\t\t\t\t\t\t<a class=\"elementor-button elementor-button-link elementor-size-sm\" href=\"https:\/\/www.teamazur.fr\/index.php\/devis\/\">\n\t\t\t\t\t\t<span class=\"elementor-button-content-wrapper\">\n\t\t\t\t\t\t\t\t\t<span class=\"elementor-button-text\">Demander un devis<\/span>\n\t\t\t\t\t<\/span>\n\t\t\t\t\t<\/a>\n\t\t\t\t\t\t\t\t<\/div>\n\t\t\t\t<\/div>\n\t\t\t\t\t<\/div>\n\t\t\t\t<\/div>\n\t\t\t\t<\/div>\n\t\t","protected":false},"excerpt":{"rendered":"<p>https:\/\/youtu.be\/uyfGZTj2D-8 Activit\u00e9s CHILL en bateau ou sur les iles de L\u00e9rins Une pause bien m\u00e9rit\u00e9e avec notre journ\u00e9e chill, un moment plac\u00e9 sous le signe de la d\u00e9tente, du bien-\u00eatre et de la convivialit\u00e9 aux iles de L\u00e9rins et sur la c\u00f4te d&#8217;Azur. Au programme : Excursion en mer sur la c\u00f4te d&#8217;Azur ou sur&#8230;<\/p>\n","protected":false},"author":1,"featured_media":0,"parent":0,"menu_order":0,"comment_status":"closed","ping_status":"closed","template":"","meta":{"_acf_changed":false,"footnotes":""},"class_list":{"0":"post-3362","1":"page","2":"type-page","3":"status-publish","4":"hentry","5":"nt-post-class","6":"","7":"thumb-none","9":"excerpt-none"},"acf":[],"yoast_head":"<!-- This site is optimized with the Yoast SEO plugin v27.1.1 - https:\/\/yoast.com\/product\/yoast-seo-wordpress\/ -->\n<title>Chill - Team building et EVG Nice et Cannes<\/title>\n<meta name=\"robots\" content=\"index, follow, max-snippet:-1, max-image-preview:large, max-video-preview:-1\" \/>\n<link rel=\"canonical\" href=\"https:\/\/www.teamazur.fr\/index.php\/chill\/\" \/>\n<meta property=\"og:locale\" content=\"fr_FR\" \/>\n<meta property=\"og:type\" content=\"article\" \/>\n<meta property=\"og:title\" content=\"Chill - Team building et EVG Nice et Cannes\" \/>\n<meta property=\"og:description\" content=\"https:\/\/youtu.be\/uyfGZTj2D-8 Activit\u00e9s CHILL en bateau ou sur les iles de L\u00e9rins Une pause bien m\u00e9rit\u00e9e avec notre journ\u00e9e chill, un moment plac\u00e9 sous le signe de la d\u00e9tente, du bien-\u00eatre et de la convivialit\u00e9 aux iles de L\u00e9rins et sur la c\u00f4te d&#8217;Azur. Au programme : Excursion en mer sur la c\u00f4te d&#8217;Azur ou sur...\" \/>\n<meta property=\"og:url\" content=\"https:\/\/www.teamazur.fr\/index.php\/chill\/\" \/>\n<meta property=\"og:site_name\" content=\"Team building et EVG Nice et Cannes\" \/>\n<meta property=\"article:modified_time\" content=\"2026-03-20T15:34:16+00:00\" \/>\n<meta name=\"twitter:card\" content=\"summary_large_image\" \/>\n<meta name=\"twitter:label1\" content=\"Dur\u00e9e de lecture estim\u00e9e\" \/>\n\t<meta name=\"twitter:data1\" content=\"1 minute\" \/>\n<script type=\"application\/ld+json\" class=\"yoast-schema-graph\">{\"@context\":\"https:\/\/schema.org\",\"@graph\":[{\"@type\":\"WebPage\",\"@id\":\"https:\/\/www.teamazur.fr\/index.php\/chill\/\",\"url\":\"https:\/\/www.teamazur.fr\/index.php\/chill\/\",\"name\":\"Chill - Team building et EVG Nice et Cannes\",\"isPartOf\":{\"@id\":\"https:\/\/www.teamazur.fr\/#website\"},\"datePublished\":\"2026-03-14T22:09:12+00:00\",\"dateModified\":\"2026-03-20T15:34:16+00:00\",\"breadcrumb\":{\"@id\":\"https:\/\/www.teamazur.fr\/index.php\/chill\/#breadcrumb\"},\"inLanguage\":\"fr-FR\",\"potentialAction\":[{\"@type\":\"ReadAction\",\"target\":[\"https:\/\/www.teamazur.fr\/index.php\/chill\/\"]}]},{\"@type\":\"BreadcrumbList\",\"@id\":\"https:\/\/www.teamazur.fr\/index.php\/chill\/#breadcrumb\",\"itemListElement\":[{\"@type\":\"ListItem\",\"position\":1,\"name\":\"Accueil\",\"item\":\"https:\/\/www.teamazur.fr\/\"},{\"@type\":\"ListItem\",\"position\":2,\"name\":\"Chill\"}]},{\"@type\":\"WebSite\",\"@id\":\"https:\/\/www.teamazur.fr\/#website\",\"url\":\"https:\/\/www.teamazur.fr\/\",\"name\":\"Team building et EVG Nice et Cannes\",\"description\":\"Team building - EVG - EVJF\",\"potentialAction\":[{\"@type\":\"SearchAction\",\"target\":{\"@type\":\"EntryPoint\",\"urlTemplate\":\"https:\/\/www.teamazur.fr\/?s={search_term_string}\"},\"query-input\":{\"@type\":\"PropertyValueSpecification\",\"valueRequired\":true,\"valueName\":\"search_term_string\"}}],\"inLanguage\":\"fr-FR\"}]}<\/script>\n<!-- \/ Yoast SEO plugin. -->","yoast_head_json":{"title":"Chill - Team building et EVG Nice et Cannes","robots":{"index":"index","follow":"follow","max-snippet":"max-snippet:-1","max-image-preview":"max-image-preview:large","max-video-preview":"max-video-preview:-1"},"canonical":"https:\/\/www.teamazur.fr\/index.php\/chill\/","og_locale":"fr_FR","og_type":"article","og_title":"Chill - Team building et EVG Nice et Cannes","og_description":"https:\/\/youtu.be\/uyfGZTj2D-8 Activit\u00e9s CHILL en bateau ou sur les iles de L\u00e9rins Une pause bien m\u00e9rit\u00e9e avec notre journ\u00e9e chill, un moment plac\u00e9 sous le signe de la d\u00e9tente, du bien-\u00eatre et de la convivialit\u00e9 aux iles de L\u00e9rins et sur la c\u00f4te d&#8217;Azur. Au programme : Excursion en mer sur la c\u00f4te d&#8217;Azur ou sur...","og_url":"https:\/\/www.teamazur.fr\/index.php\/chill\/","og_site_name":"Team building et EVG Nice et Cannes","article_modified_time":"2026-03-20T15:34:16+00:00","twitter_card":"summary_large_image","twitter_misc":{"Dur\u00e9e de lecture estim\u00e9e":"1 minute"},"schema":{"@context":"https:\/\/schema.org","@graph":[{"@type":"WebPage","@id":"https:\/\/www.teamazur.fr\/index.php\/chill\/","url":"https:\/\/www.teamazur.fr\/index.php\/chill\/","name":"Chill - Team building et EVG Nice et Cannes","isPartOf":{"@id":"https:\/\/www.teamazur.fr\/#website"},"datePublished":"2026-03-14T22:09:12+00:00","dateModified":"2026-03-20T15:34:16+00:00","breadcrumb":{"@id":"https:\/\/www.teamazur.fr\/index.php\/chill\/#breadcrumb"},"inLanguage":"fr-FR","potentialAction":[{"@type":"ReadAction","target":["https:\/\/www.teamazur.fr\/index.php\/chill\/"]}]},{"@type":"BreadcrumbList","@id":"https:\/\/www.teamazur.fr\/index.php\/chill\/#breadcrumb","itemListElement":[{"@type":"ListItem","position":1,"name":"Accueil","item":"https:\/\/www.teamazur.fr\/"},{"@type":"ListItem","position":2,"name":"Chill"}]},{"@type":"WebSite","@id":"https:\/\/www.teamazur.fr\/#website","url":"https:\/\/www.teamazur.fr\/","name":"Team building et EVG Nice et Cannes","description":"Team building - EVG - EVJF","potentialAction":[{"@type":"SearchAction","target":{"@type":"EntryPoint","urlTemplate":"https:\/\/www.teamazur.fr\/?s={search_term_string}"},"query-input":{"@type":"PropertyValueSpecification","valueRequired":true,"valueName":"search_term_string"}}],"inLanguage":"fr-FR"}]}},"_links":{"self":[{"href":"https:\/\/www.teamazur.fr\/index.php\/wp-json\/wp\/v2\/pages\/3362","targetHints":{"allow":["GET"]}}],"collection":[{"href":"https:\/\/www.teamazur.fr\/index.php\/wp-json\/wp\/v2\/pages"}],"about":[{"href":"https:\/\/www.teamazur.fr\/index.php\/wp-json\/wp\/v2\/types\/page"}],"author":[{"embeddable":true,"href":"https:\/\/www.teamazur.fr\/index.php\/wp-json\/wp\/v2\/users\/1"}],"replies":[{"embeddable":true,"href":"https:\/\/www.teamazur.fr\/index.php\/wp-json\/wp\/v2\/comments?post=3362"}],"version-history":[{"count":37,"href":"https:\/\/www.teamazur.fr\/index.php\/wp-json\/wp\/v2\/pages\/3362\/revisions"}],"predecessor-version":[{"id":4898,"href":"https:\/\/www.teamazur.fr\/index.php\/wp-json\/wp\/v2\/pages\/3362\/revisions\/4898"}],"wp:attachment":[{"href":"https:\/\/www.teamazur.fr\/index.php\/wp-json\/wp\/v2\/media?parent=3362"}],"curies":[{"name":"wp","href":"https:\/\/api.w.org\/{rel}","templated":true}]}}